{"id":9299,"date":"2023-12-06T15:02:04","date_gmt":"2023-12-06T13:02:04","guid":{"rendered":"https:\/\/yrusha.com\/shop\/uncategorized\/coquillage-large-model\/"},"modified":"2025-11-05T14:54:06","modified_gmt":"2025-11-05T12:54:06","slug":"coquillage-large-model","status":"publish","type":"product","link":"https:\/\/yrusha.com\/en\/shop\/collection-en\/coeur-en\/coquillage-large-model\/","title":{"rendered":"Coquillage (large model)"},"content":{"rendered":"<p>Product type: 14k yellow\/pink\/white gold bracelet<br \/>\nStones: Diamonds <br \/>Weight: 17.7 gr<\/p>\n","protected":false},"excerpt":{"rendered":"<p>Explorez l\u2019\u00e9l\u00e9gance avec notre bracelet d\u00e9licat et raffin\u00e9.Un design fa\u00e7onn\u00e9 en or inspir\u00e9 par les coquillages.L\u2019\u00e9clat subtil des diamants ajoute une touche de brillance. D\u00e9couvrez l\u2019harmonie entre la beaut\u00e9 naturelle et l\u2019\u00e9l\u00e9gance intemporelle dans cette pi\u00e8ce unique.<\/p>\n","protected":false},"featured_media":9268,"template":"","meta":[],"product_brand":[],"product_cat":[259,262,304,307,305],"product_tag":[],"class_list":{"0":"post-9299","1":"product","2":"type-product","3":"status-publish","4":"has-post-thumbnail","6":"product_cat-bracelets-en","7":"product_cat-coeur-en","8":"product_cat-fiancailles-en","9":"product_cat-nouveautes-en","10":"product_cat-mariage-en","11":"tm-no-options","13":"first","14":"instock","15":"taxable","16":"shipping-taxable","17":"purchasable","18":"product-type-simple"},"yoast_head":"<!-- This site is optimized with the Yoast SEO plugin v26.5 - https:\/\/yoast.com\/wordpress\/plugins\/seo\/ -->\n<title>Bracelet &quot;Coquillage (large model)&quot; - Yrusha Jewelry<\/title>\n<meta name=\"description\" content=\"Deux anneaux cr\u00e9oles comme 2 \u00eatres venus d\u2019univers diff\u00e9rents qui s\u2019unissent pour ne faire qu\u2019une boucle d\u2019oreille. L\u2019un fin, \u00e9lanc\u00e9 en or blanc l\u00e9g\u00e8rement beige martel\u00e9 manuellement qui lui donne un effet vintage. L\u2019autre plus petit, mais plus g\u00e9n\u00e9reux en or jaune lisse brillant surmont\u00e9 de diamants sur griffes\" \/>\n<meta name=\"robots\" content=\"index, follow, max-snippet:-1, max-image-preview:large, max-video-preview:-1\" \/>\n<link rel=\"canonical\" href=\"https:\/\/yrusha.com\/en\/shop\/collection-en\/coeur-en\/coquillage-large-model\/\" \/>\n<meta property=\"og:locale\" content=\"en_US\" \/>\n<meta property=\"og:type\" content=\"article\" \/>\n<meta property=\"og:title\" content=\"Bracelet &quot;Coquillage (large model)&quot; - Yrusha Jewelry\" \/>\n<meta property=\"og:description\" content=\"Deux anneaux cr\u00e9oles comme 2 \u00eatres venus d\u2019univers diff\u00e9rents qui s\u2019unissent pour ne faire qu\u2019une boucle d\u2019oreille. L\u2019un fin, \u00e9lanc\u00e9 en or blanc l\u00e9g\u00e8rement beige martel\u00e9 manuellement qui lui donne un effet vintage. L\u2019autre plus petit, mais plus g\u00e9n\u00e9reux en or jaune lisse brillant surmont\u00e9 de diamants sur griffes\" \/>\n<meta property=\"og:url\" content=\"https:\/\/yrusha.com\/en\/shop\/collection-en\/coeur-en\/coquillage-large-model\/\" \/>\n<meta property=\"og:site_name\" content=\"Yrusha\" \/>\n<meta property=\"article:modified_time\" content=\"2025-11-05T12:54:06+00:00\" \/>\n<meta property=\"og:image\" content=\"https:\/\/yrusha.com\/wp-content\/uploads\/2023\/12\/fa55fdbe-8749-4073-b9a0-6f5466483ea3.jpg\" \/>\n\t<meta property=\"og:image:width\" content=\"658\" \/>\n\t<meta property=\"og:image:height\" content=\"749\" \/>\n\t<meta property=\"og:image:type\" content=\"image\/jpeg\" \/>\n<meta name=\"twitter:card\" content=\"summary_large_image\" \/>\n<script type=\"application\/ld+json\" class=\"yoast-schema-graph\">{\"@context\":\"https:\/\/schema.org\",\"@graph\":[{\"@type\":\"WebPage\",\"@id\":\"https:\/\/yrusha.com\/en\/shop\/collection-en\/coeur-en\/coquillage-large-model\/\",\"url\":\"https:\/\/yrusha.com\/en\/shop\/collection-en\/coeur-en\/coquillage-large-model\/\",\"name\":\"Bracelet \\\"Coquillage (large model)\\\" - Yrusha Jewelry\",\"isPartOf\":{\"@id\":\"https:\/\/yrusha.com\/en\/#website\"},\"primaryImageOfPage\":{\"@id\":\"https:\/\/yrusha.com\/en\/shop\/collection-en\/coeur-en\/coquillage-large-model\/#primaryimage\"},\"image\":{\"@id\":\"https:\/\/yrusha.com\/en\/shop\/collection-en\/coeur-en\/coquillage-large-model\/#primaryimage\"},\"thumbnailUrl\":\"https:\/\/yrusha.com\/wp-content\/uploads\/2023\/12\/fa55fdbe-8749-4073-b9a0-6f5466483ea3.jpg\",\"datePublished\":\"2023-12-06T13:02:04+00:00\",\"dateModified\":\"2025-11-05T12:54:06+00:00\",\"description\":\"Deux anneaux cr\u00e9oles comme 2 \u00eatres venus d\u2019univers diff\u00e9rents qui s\u2019unissent pour ne faire qu\u2019une boucle d\u2019oreille. L\u2019un fin, \u00e9lanc\u00e9 en or blanc l\u00e9g\u00e8rement beige martel\u00e9 manuellement qui lui donne un effet vintage. L\u2019autre plus petit, mais plus g\u00e9n\u00e9reux en or jaune lisse brillant surmont\u00e9 de diamants sur griffes\",\"breadcrumb\":{\"@id\":\"https:\/\/yrusha.com\/en\/shop\/collection-en\/coeur-en\/coquillage-large-model\/#breadcrumb\"},\"inLanguage\":\"en-US\",\"potentialAction\":[{\"@type\":\"ReadAction\",\"target\":[\"https:\/\/yrusha.com\/en\/shop\/collection-en\/coeur-en\/coquillage-large-model\/\"]}]},{\"@type\":\"ImageObject\",\"inLanguage\":\"en-US\",\"@id\":\"https:\/\/yrusha.com\/en\/shop\/collection-en\/coeur-en\/coquillage-large-model\/#primaryimage\",\"url\":\"https:\/\/yrusha.com\/wp-content\/uploads\/2023\/12\/fa55fdbe-8749-4073-b9a0-6f5466483ea3.jpg\",\"contentUrl\":\"https:\/\/yrusha.com\/wp-content\/uploads\/2023\/12\/fa55fdbe-8749-4073-b9a0-6f5466483ea3.jpg\",\"width\":658,\"height\":749},{\"@type\":\"BreadcrumbList\",\"@id\":\"https:\/\/yrusha.com\/en\/shop\/collection-en\/coeur-en\/coquillage-large-model\/#breadcrumb\",\"itemListElement\":[{\"@type\":\"ListItem\",\"position\":1,\"name\":\"Home\",\"item\":\"https:\/\/yrusha.com\/en\/\"},{\"@type\":\"ListItem\",\"position\":2,\"name\":\"shop\",\"item\":\"https:\/\/yrusha.com\/en\/shop\/\"},{\"@type\":\"ListItem\",\"position\":3,\"name\":\"Bracelets\",\"item\":\"https:\/\/yrusha.com\/en\/product-category\/bracelets-en\/\"},{\"@type\":\"ListItem\",\"position\":4,\"name\":\"Coquillage (large model)\"}]},{\"@type\":\"WebSite\",\"@id\":\"https:\/\/yrusha.com\/en\/#website\",\"url\":\"https:\/\/yrusha.com\/en\/\",\"name\":\"Yrusha\",\"description\":\"Jewelry\",\"publisher\":{\"@id\":\"https:\/\/yrusha.com\/en\/#organization\"},\"potentialAction\":[{\"@type\":\"SearchAction\",\"target\":{\"@type\":\"EntryPoint\",\"urlTemplate\":\"https:\/\/yrusha.com\/en\/?s={search_term_string}\"},\"query-input\":{\"@type\":\"PropertyValueSpecification\",\"valueRequired\":true,\"valueName\":\"search_term_string\"}}],\"inLanguage\":\"en-US\"},{\"@type\":\"Organization\",\"@id\":\"https:\/\/yrusha.com\/en\/#organization\",\"name\":\"Yrusha\",\"url\":\"https:\/\/yrusha.com\/en\/\",\"logo\":{\"@type\":\"ImageObject\",\"inLanguage\":\"en-US\",\"@id\":\"https:\/\/yrusha.com\/en\/#\/schema\/logo\/image\/\",\"url\":\"https:\/\/yrusha.com\/wp-content\/uploads\/2019\/08\/logowhitesamllshad.svg\",\"contentUrl\":\"https:\/\/yrusha.com\/wp-content\/uploads\/2019\/08\/logowhitesamllshad.svg\",\"width\":213.89,\"height\":216.39,\"caption\":\"Yrusha\"},\"image\":{\"@id\":\"https:\/\/yrusha.com\/en\/#\/schema\/logo\/image\/\"}}]}<\/script>\n<!-- \/ Yoast SEO plugin. -->","yoast_head_json":{"title":"Bracelet \"Coquillage (large model)\" - Yrusha Jewelry","description":"Deux anneaux cr\u00e9oles comme 2 \u00eatres venus d\u2019univers diff\u00e9rents qui s\u2019unissent pour ne faire qu\u2019une boucle d\u2019oreille. L\u2019un fin, \u00e9lanc\u00e9 en or blanc l\u00e9g\u00e8rement beige martel\u00e9 manuellement qui lui donne un effet vintage. L\u2019autre plus petit, mais plus g\u00e9n\u00e9reux en or jaune lisse brillant surmont\u00e9 de diamants sur griffes","robots":{"index":"index","follow":"follow","max-snippet":"max-snippet:-1","max-image-preview":"max-image-preview:large","max-video-preview":"max-video-preview:-1"},"canonical":"https:\/\/yrusha.com\/en\/shop\/collection-en\/coeur-en\/coquillage-large-model\/","og_locale":"en_US","og_type":"article","og_title":"Bracelet \"Coquillage (large model)\" - Yrusha Jewelry","og_description":"Deux anneaux cr\u00e9oles comme 2 \u00eatres venus d\u2019univers diff\u00e9rents qui s\u2019unissent pour ne faire qu\u2019une boucle d\u2019oreille. L\u2019un fin, \u00e9lanc\u00e9 en or blanc l\u00e9g\u00e8rement beige martel\u00e9 manuellement qui lui donne un effet vintage. L\u2019autre plus petit, mais plus g\u00e9n\u00e9reux en or jaune lisse brillant surmont\u00e9 de diamants sur griffes","og_url":"https:\/\/yrusha.com\/en\/shop\/collection-en\/coeur-en\/coquillage-large-model\/","og_site_name":"Yrusha","article_modified_time":"2025-11-05T12:54:06+00:00","og_image":[{"width":658,"height":749,"url":"https:\/\/yrusha.com\/wp-content\/uploads\/2023\/12\/fa55fdbe-8749-4073-b9a0-6f5466483ea3.jpg","type":"image\/jpeg"}],"twitter_card":"summary_large_image","schema":{"@context":"https:\/\/schema.org","@graph":[{"@type":"WebPage","@id":"https:\/\/yrusha.com\/en\/shop\/collection-en\/coeur-en\/coquillage-large-model\/","url":"https:\/\/yrusha.com\/en\/shop\/collection-en\/coeur-en\/coquillage-large-model\/","name":"Bracelet \"Coquillage (large model)\" - Yrusha Jewelry","isPartOf":{"@id":"https:\/\/yrusha.com\/en\/#website"},"primaryImageOfPage":{"@id":"https:\/\/yrusha.com\/en\/shop\/collection-en\/coeur-en\/coquillage-large-model\/#primaryimage"},"image":{"@id":"https:\/\/yrusha.com\/en\/shop\/collection-en\/coeur-en\/coquillage-large-model\/#primaryimage"},"thumbnailUrl":"https:\/\/yrusha.com\/wp-content\/uploads\/2023\/12\/fa55fdbe-8749-4073-b9a0-6f5466483ea3.jpg","datePublished":"2023-12-06T13:02:04+00:00","dateModified":"2025-11-05T12:54:06+00:00","description":"Deux anneaux cr\u00e9oles comme 2 \u00eatres venus d\u2019univers diff\u00e9rents qui s\u2019unissent pour ne faire qu\u2019une boucle d\u2019oreille. L\u2019un fin, \u00e9lanc\u00e9 en or blanc l\u00e9g\u00e8rement beige martel\u00e9 manuellement qui lui donne un effet vintage. L\u2019autre plus petit, mais plus g\u00e9n\u00e9reux en or jaune lisse brillant surmont\u00e9 de diamants sur griffes","breadcrumb":{"@id":"https:\/\/yrusha.com\/en\/shop\/collection-en\/coeur-en\/coquillage-large-model\/#breadcrumb"},"inLanguage":"en-US","potentialAction":[{"@type":"ReadAction","target":["https:\/\/yrusha.com\/en\/shop\/collection-en\/coeur-en\/coquillage-large-model\/"]}]},{"@type":"ImageObject","inLanguage":"en-US","@id":"https:\/\/yrusha.com\/en\/shop\/collection-en\/coeur-en\/coquillage-large-model\/#primaryimage","url":"https:\/\/yrusha.com\/wp-content\/uploads\/2023\/12\/fa55fdbe-8749-4073-b9a0-6f5466483ea3.jpg","contentUrl":"https:\/\/yrusha.com\/wp-content\/uploads\/2023\/12\/fa55fdbe-8749-4073-b9a0-6f5466483ea3.jpg","width":658,"height":749},{"@type":"BreadcrumbList","@id":"https:\/\/yrusha.com\/en\/shop\/collection-en\/coeur-en\/coquillage-large-model\/#breadcrumb","itemListElement":[{"@type":"ListItem","position":1,"name":"Home","item":"https:\/\/yrusha.com\/en\/"},{"@type":"ListItem","position":2,"name":"shop","item":"https:\/\/yrusha.com\/en\/shop\/"},{"@type":"ListItem","position":3,"name":"Bracelets","item":"https:\/\/yrusha.com\/en\/product-category\/bracelets-en\/"},{"@type":"ListItem","position":4,"name":"Coquillage (large model)"}]},{"@type":"WebSite","@id":"https:\/\/yrusha.com\/en\/#website","url":"https:\/\/yrusha.com\/en\/","name":"Yrusha","description":"Jewelry","publisher":{"@id":"https:\/\/yrusha.com\/en\/#organization"},"potentialAction":[{"@type":"SearchAction","target":{"@type":"EntryPoint","urlTemplate":"https:\/\/yrusha.com\/en\/?s={search_term_string}"},"query-input":{"@type":"PropertyValueSpecification","valueRequired":true,"valueName":"search_term_string"}}],"inLanguage":"en-US"},{"@type":"Organization","@id":"https:\/\/yrusha.com\/en\/#organization","name":"Yrusha","url":"https:\/\/yrusha.com\/en\/","logo":{"@type":"ImageObject","inLanguage":"en-US","@id":"https:\/\/yrusha.com\/en\/#\/schema\/logo\/image\/","url":"https:\/\/yrusha.com\/wp-content\/uploads\/2019\/08\/logowhitesamllshad.svg","contentUrl":"https:\/\/yrusha.com\/wp-content\/uploads\/2019\/08\/logowhitesamllshad.svg","width":213.89,"height":216.39,"caption":"Yrusha"},"image":{"@id":"https:\/\/yrusha.com\/en\/#\/schema\/logo\/image\/"}}]}},"_links":{"self":[{"href":"https:\/\/yrusha.com\/en\/wp-json\/wp\/v2\/product\/9299","targetHints":{"allow":["GET"]}}],"collection":[{"href":"https:\/\/yrusha.com\/en\/wp-json\/wp\/v2\/product"}],"about":[{"href":"https:\/\/yrusha.com\/en\/wp-json\/wp\/v2\/types\/product"}],"wp:featuredmedia":[{"embeddable":true,"href":"https:\/\/yrusha.com\/en\/wp-json\/wp\/v2\/media\/9268"}],"wp:attachment":[{"href":"https:\/\/yrusha.com\/en\/wp-json\/wp\/v2\/media?parent=9299"}],"wp:term":[{"taxonomy":"product_brand","embeddable":true,"href":"https:\/\/yrusha.com\/en\/wp-json\/wp\/v2\/product_brand?post=9299"},{"taxonomy":"product_cat","embeddable":true,"href":"https:\/\/yrusha.com\/en\/wp-json\/wp\/v2\/product_cat?post=9299"},{"taxonomy":"product_tag","embeddable":true,"href":"https:\/\/yrusha.com\/en\/wp-json\/wp\/v2\/product_tag?post=9299"}],"curies":[{"name":"wp","href":"https:\/\/api.w.org\/{rel}","templated":true}]}}