{"id":9298,"date":"2023-12-06T15:24:36","date_gmt":"2023-12-06T13:24:36","guid":{"rendered":"https:\/\/yrusha.com\/shop\/uncategorized\/tsahal-plaque\/"},"modified":"2025-11-05T14:53:26","modified_gmt":"2025-11-05T12:53:26","slug":"tsahal-plaque","status":"publish","type":"product","link":"https:\/\/yrusha.com\/en\/shop\/collier-en\/tsahal-plaque\/","title":{"rendered":"Tsahal Plaque"},"content":{"rendered":"<p>Product type: Necklace<br \/>\ncord and plate in brushed 14 gold<br \/>Stones: diamond set<br \/>Color: Yellow gold 14, White gold 14k, Pink gold 14k<\/p>\n","protected":false},"excerpt":{"rendered":"<p>D\u00e9couvrez notre collier unique, associant \u00e9l\u00e9gance et fiert\u00e9, parfait pour exprimer votre soutien \u00e0 Isra\u00ebl.<br \/>\nLa cha\u00eene en cordon conf\u00e8re une touche d\u00e9contract\u00e9e et moderne, tandis que la plaque distinctive de Tsahal arbore l&#8217;inscription &#8220;Am Israel Hai&#8221; en h\u00e9breu, t\u00e9moignant de la vitalit\u00e9 et de la r\u00e9silience du peuple d&#8217;Isra\u00ebl. Enrichi d&#8217;un dessin d\u00e9licat du Magen David, ce collier incarne non seulement un style raffin\u00e9, mais aussi un profond attachement \u00e0 la culture et \u00e0 l&#8217;histoire isra\u00e9liennes.<br \/>\nPortez fi\u00e8rement ce bijou exceptionnel qui transcende la mode pour c\u00e9l\u00e9brer votre connexion unique avec Isra\u00ebl.<\/p>\n","protected":false},"featured_media":9272,"template":"","meta":[],"product_brand":[],"product_cat":[306,303,307,305],"product_tag":[],"class_list":{"0":"post-9298","1":"product","2":"type-product","3":"status-publish","4":"has-post-thumbnail","6":"product_cat-best-sellers-en","7":"product_cat-collier-en","8":"product_cat-nouveautes-en","9":"product_cat-mariage-en","10":"tm-has-styled-variations","11":"tm-has-options","13":"first","14":"instock","15":"taxable","16":"shipping-taxable","17":"purchasable","18":"product-type-simple"},"yoast_head":"<!-- This site is optimized with the Yoast SEO plugin v26.5 - https:\/\/yoast.com\/wordpress\/plugins\/seo\/ -->\n<title>Tsahal Plaque - Yrusha<\/title>\n<meta name=\"robots\" content=\"index, follow, max-snippet:-1, max-image-preview:large, max-video-preview:-1\" \/>\n<link rel=\"canonical\" href=\"https:\/\/yrusha.com\/en\/shop\/collier-en\/tsahal-plaque\/\" \/>\n<meta property=\"og:locale\" content=\"en_US\" \/>\n<meta property=\"og:type\" content=\"article\" \/>\n<meta property=\"og:title\" content=\"Tsahal Plaque - Yrusha\" \/>\n<meta property=\"og:description\" content=\"D\u00e9couvrez notre collier unique, associant \u00e9l\u00e9gance et fiert\u00e9, parfait pour exprimer votre soutien \u00e0 Isra\u00ebl. La cha\u00eene en cordon conf\u00e8re une touche d\u00e9contract\u00e9e et moderne, tandis que la plaque distinctive de Tsahal arbore l&#039;inscription &quot;Am Israel Hai&quot; en h\u00e9breu, t\u00e9moignant de la vitalit\u00e9 et de la r\u00e9silience du peuple d&#039;Isra\u00ebl. Enrichi d&#039;un dessin d\u00e9licat du Magen David, ce collier incarne non seulement un style raffin\u00e9, mais aussi un profond attachement \u00e0 la culture et \u00e0 l&#039;histoire isra\u00e9liennes. Portez fi\u00e8rement ce bijou exceptionnel qui transcende la mode pour c\u00e9l\u00e9brer votre connexion unique avec Isra\u00ebl.\" \/>\n<meta property=\"og:url\" content=\"https:\/\/yrusha.com\/en\/shop\/collier-en\/tsahal-plaque\/\" \/>\n<meta property=\"og:site_name\" content=\"Yrusha\" \/>\n<meta property=\"article:modified_time\" content=\"2025-11-05T12:53:26+00:00\" \/>\n<meta property=\"og:image\" content=\"https:\/\/yrusha.com\/wp-content\/uploads\/2023\/12\/796659a2-8e5b-4d5a-acd1-7af98cad0891.jpg\" \/>\n\t<meta property=\"og:image:width\" content=\"767\" \/>\n\t<meta property=\"og:image:height\" content=\"799\" \/>\n\t<meta property=\"og:image:type\" content=\"image\/jpeg\" \/>\n<meta name=\"twitter:card\" content=\"summary_large_image\" \/>\n<script type=\"application\/ld+json\" class=\"yoast-schema-graph\">{\"@context\":\"https:\/\/schema.org\",\"@graph\":[{\"@type\":\"WebPage\",\"@id\":\"https:\/\/yrusha.com\/en\/shop\/collier-en\/tsahal-plaque\/\",\"url\":\"https:\/\/yrusha.com\/en\/shop\/collier-en\/tsahal-plaque\/\",\"name\":\"Tsahal Plaque - Yrusha\",\"isPartOf\":{\"@id\":\"https:\/\/yrusha.com\/en\/#website\"},\"primaryImageOfPage\":{\"@id\":\"https:\/\/yrusha.com\/en\/shop\/collier-en\/tsahal-plaque\/#primaryimage\"},\"image\":{\"@id\":\"https:\/\/yrusha.com\/en\/shop\/collier-en\/tsahal-plaque\/#primaryimage\"},\"thumbnailUrl\":\"https:\/\/yrusha.com\/wp-content\/uploads\/2023\/12\/796659a2-8e5b-4d5a-acd1-7af98cad0891.jpg\",\"datePublished\":\"2023-12-06T13:24:36+00:00\",\"dateModified\":\"2025-11-05T12:53:26+00:00\",\"breadcrumb\":{\"@id\":\"https:\/\/yrusha.com\/en\/shop\/collier-en\/tsahal-plaque\/#breadcrumb\"},\"inLanguage\":\"en-US\",\"potentialAction\":[{\"@type\":\"ReadAction\",\"target\":[\"https:\/\/yrusha.com\/en\/shop\/collier-en\/tsahal-plaque\/\"]}]},{\"@type\":\"ImageObject\",\"inLanguage\":\"en-US\",\"@id\":\"https:\/\/yrusha.com\/en\/shop\/collier-en\/tsahal-plaque\/#primaryimage\",\"url\":\"https:\/\/yrusha.com\/wp-content\/uploads\/2023\/12\/796659a2-8e5b-4d5a-acd1-7af98cad0891.jpg\",\"contentUrl\":\"https:\/\/yrusha.com\/wp-content\/uploads\/2023\/12\/796659a2-8e5b-4d5a-acd1-7af98cad0891.jpg\",\"width\":767,\"height\":799},{\"@type\":\"BreadcrumbList\",\"@id\":\"https:\/\/yrusha.com\/en\/shop\/collier-en\/tsahal-plaque\/#breadcrumb\",\"itemListElement\":[{\"@type\":\"ListItem\",\"position\":1,\"name\":\"Home\",\"item\":\"https:\/\/yrusha.com\/en\/\"},{\"@type\":\"ListItem\",\"position\":2,\"name\":\"shop\",\"item\":\"https:\/\/yrusha.com\/en\/shop\/\"},{\"@type\":\"ListItem\",\"position\":3,\"name\":\"Necklaces\",\"item\":\"https:\/\/yrusha.com\/en\/product-category\/collier-en\/\"},{\"@type\":\"ListItem\",\"position\":4,\"name\":\"Tsahal Plaque\"}]},{\"@type\":\"WebSite\",\"@id\":\"https:\/\/yrusha.com\/en\/#website\",\"url\":\"https:\/\/yrusha.com\/en\/\",\"name\":\"Yrusha\",\"description\":\"Jewelry\",\"publisher\":{\"@id\":\"https:\/\/yrusha.com\/en\/#organization\"},\"potentialAction\":[{\"@type\":\"SearchAction\",\"target\":{\"@type\":\"EntryPoint\",\"urlTemplate\":\"https:\/\/yrusha.com\/en\/?s={search_term_string}\"},\"query-input\":{\"@type\":\"PropertyValueSpecification\",\"valueRequired\":true,\"valueName\":\"search_term_string\"}}],\"inLanguage\":\"en-US\"},{\"@type\":\"Organization\",\"@id\":\"https:\/\/yrusha.com\/en\/#organization\",\"name\":\"Yrusha\",\"url\":\"https:\/\/yrusha.com\/en\/\",\"logo\":{\"@type\":\"ImageObject\",\"inLanguage\":\"en-US\",\"@id\":\"https:\/\/yrusha.com\/en\/#\/schema\/logo\/image\/\",\"url\":\"https:\/\/yrusha.com\/wp-content\/uploads\/2019\/08\/logowhitesamllshad.svg\",\"contentUrl\":\"https:\/\/yrusha.com\/wp-content\/uploads\/2019\/08\/logowhitesamllshad.svg\",\"width\":213.89,\"height\":216.39,\"caption\":\"Yrusha\"},\"image\":{\"@id\":\"https:\/\/yrusha.com\/en\/#\/schema\/logo\/image\/\"}}]}<\/script>\n<!-- \/ Yoast SEO plugin. -->","yoast_head_json":{"title":"Tsahal Plaque - Yrusha","robots":{"index":"index","follow":"follow","max-snippet":"max-snippet:-1","max-image-preview":"max-image-preview:large","max-video-preview":"max-video-preview:-1"},"canonical":"https:\/\/yrusha.com\/en\/shop\/collier-en\/tsahal-plaque\/","og_locale":"en_US","og_type":"article","og_title":"Tsahal Plaque - Yrusha","og_description":"D\u00e9couvrez notre collier unique, associant \u00e9l\u00e9gance et fiert\u00e9, parfait pour exprimer votre soutien \u00e0 Isra\u00ebl. La cha\u00eene en cordon conf\u00e8re une touche d\u00e9contract\u00e9e et moderne, tandis que la plaque distinctive de Tsahal arbore l'inscription \"Am Israel Hai\" en h\u00e9breu, t\u00e9moignant de la vitalit\u00e9 et de la r\u00e9silience du peuple d'Isra\u00ebl. Enrichi d'un dessin d\u00e9licat du Magen David, ce collier incarne non seulement un style raffin\u00e9, mais aussi un profond attachement \u00e0 la culture et \u00e0 l'histoire isra\u00e9liennes. Portez fi\u00e8rement ce bijou exceptionnel qui transcende la mode pour c\u00e9l\u00e9brer votre connexion unique avec Isra\u00ebl.","og_url":"https:\/\/yrusha.com\/en\/shop\/collier-en\/tsahal-plaque\/","og_site_name":"Yrusha","article_modified_time":"2025-11-05T12:53:26+00:00","og_image":[{"width":767,"height":799,"url":"https:\/\/yrusha.com\/wp-content\/uploads\/2023\/12\/796659a2-8e5b-4d5a-acd1-7af98cad0891.jpg","type":"image\/jpeg"}],"twitter_card":"summary_large_image","schema":{"@context":"https:\/\/schema.org","@graph":[{"@type":"WebPage","@id":"https:\/\/yrusha.com\/en\/shop\/collier-en\/tsahal-plaque\/","url":"https:\/\/yrusha.com\/en\/shop\/collier-en\/tsahal-plaque\/","name":"Tsahal Plaque - Yrusha","isPartOf":{"@id":"https:\/\/yrusha.com\/en\/#website"},"primaryImageOfPage":{"@id":"https:\/\/yrusha.com\/en\/shop\/collier-en\/tsahal-plaque\/#primaryimage"},"image":{"@id":"https:\/\/yrusha.com\/en\/shop\/collier-en\/tsahal-plaque\/#primaryimage"},"thumbnailUrl":"https:\/\/yrusha.com\/wp-content\/uploads\/2023\/12\/796659a2-8e5b-4d5a-acd1-7af98cad0891.jpg","datePublished":"2023-12-06T13:24:36+00:00","dateModified":"2025-11-05T12:53:26+00:00","breadcrumb":{"@id":"https:\/\/yrusha.com\/en\/shop\/collier-en\/tsahal-plaque\/#breadcrumb"},"inLanguage":"en-US","potentialAction":[{"@type":"ReadAction","target":["https:\/\/yrusha.com\/en\/shop\/collier-en\/tsahal-plaque\/"]}]},{"@type":"ImageObject","inLanguage":"en-US","@id":"https:\/\/yrusha.com\/en\/shop\/collier-en\/tsahal-plaque\/#primaryimage","url":"https:\/\/yrusha.com\/wp-content\/uploads\/2023\/12\/796659a2-8e5b-4d5a-acd1-7af98cad0891.jpg","contentUrl":"https:\/\/yrusha.com\/wp-content\/uploads\/2023\/12\/796659a2-8e5b-4d5a-acd1-7af98cad0891.jpg","width":767,"height":799},{"@type":"BreadcrumbList","@id":"https:\/\/yrusha.com\/en\/shop\/collier-en\/tsahal-plaque\/#breadcrumb","itemListElement":[{"@type":"ListItem","position":1,"name":"Home","item":"https:\/\/yrusha.com\/en\/"},{"@type":"ListItem","position":2,"name":"shop","item":"https:\/\/yrusha.com\/en\/shop\/"},{"@type":"ListItem","position":3,"name":"Necklaces","item":"https:\/\/yrusha.com\/en\/product-category\/collier-en\/"},{"@type":"ListItem","position":4,"name":"Tsahal Plaque"}]},{"@type":"WebSite","@id":"https:\/\/yrusha.com\/en\/#website","url":"https:\/\/yrusha.com\/en\/","name":"Yrusha","description":"Jewelry","publisher":{"@id":"https:\/\/yrusha.com\/en\/#organization"},"potentialAction":[{"@type":"SearchAction","target":{"@type":"EntryPoint","urlTemplate":"https:\/\/yrusha.com\/en\/?s={search_term_string}"},"query-input":{"@type":"PropertyValueSpecification","valueRequired":true,"valueName":"search_term_string"}}],"inLanguage":"en-US"},{"@type":"Organization","@id":"https:\/\/yrusha.com\/en\/#organization","name":"Yrusha","url":"https:\/\/yrusha.com\/en\/","logo":{"@type":"ImageObject","inLanguage":"en-US","@id":"https:\/\/yrusha.com\/en\/#\/schema\/logo\/image\/","url":"https:\/\/yrusha.com\/wp-content\/uploads\/2019\/08\/logowhitesamllshad.svg","contentUrl":"https:\/\/yrusha.com\/wp-content\/uploads\/2019\/08\/logowhitesamllshad.svg","width":213.89,"height":216.39,"caption":"Yrusha"},"image":{"@id":"https:\/\/yrusha.com\/en\/#\/schema\/logo\/image\/"}}]}},"_links":{"self":[{"href":"https:\/\/yrusha.com\/en\/wp-json\/wp\/v2\/product\/9298","targetHints":{"allow":["GET"]}}],"collection":[{"href":"https:\/\/yrusha.com\/en\/wp-json\/wp\/v2\/product"}],"about":[{"href":"https:\/\/yrusha.com\/en\/wp-json\/wp\/v2\/types\/product"}],"wp:featuredmedia":[{"embeddable":true,"href":"https:\/\/yrusha.com\/en\/wp-json\/wp\/v2\/media\/9272"}],"wp:attachment":[{"href":"https:\/\/yrusha.com\/en\/wp-json\/wp\/v2\/media?parent=9298"}],"wp:term":[{"taxonomy":"product_brand","embeddable":true,"href":"https:\/\/yrusha.com\/en\/wp-json\/wp\/v2\/product_brand?post=9298"},{"taxonomy":"product_cat","embeddable":true,"href":"https:\/\/yrusha.com\/en\/wp-json\/wp\/v2\/product_cat?post=9298"},{"taxonomy":"product_tag","embeddable":true,"href":"https:\/\/yrusha.com\/en\/wp-json\/wp\/v2\/product_tag?post=9298"}],"curies":[{"name":"wp","href":"https:\/\/api.w.org\/{rel}","templated":true}]}}