{"id":9296,"date":"2023-12-26T12:40:33","date_gmt":"2023-12-26T10:40:33","guid":{"rendered":"https:\/\/yrusha.com\/shop\/uncategorized\/7-dances\/"},"modified":"2025-11-05T12:21:39","modified_gmt":"2025-11-05T10:21:39","slug":"7-dances","status":"publish","type":"product","link":"https:\/\/yrusha.com\/en\/shop\/collier-en\/7-dances\/","title":{"rendered":"7 Dances"},"content":{"rendered":"<p>Product type: 14k gold necklace, the word &#8216;dance&#8217; is set with diamonds<\/p>\n<p>Color:<br \/>\nwhite gold\/yellow gold\/rose gold<\/p>\n","protected":false},"excerpt":{"rendered":"<p>D\u00e9couvrez notre collier exceptionnel &#8220;7 Danses&#8221;, un message d&#8217;espoir et de r\u00e9silience.<br \/>\nEn or finement cisel\u00e9 et serti de diamants scintillants, il arbore la phrase inspirante &#8216;We Will Dance Again&#8217;. Un hommage \u00e0 la force du peuple isra\u00e9lien, symbolisant la promesse que la joie et la danse rena\u00eetront.<br \/>\nUn bijou porteur de sens, r\u00e9solument ancr\u00e9 dans l&#8217;esprit indomptable d&#8217;Isra\u00ebl.<\/p>\n","protected":false},"featured_media":9288,"template":"","meta":[],"product_brand":[],"product_cat":[306,303,307],"product_tag":[],"class_list":{"0":"post-9296","1":"product","2":"type-product","3":"status-publish","4":"has-post-thumbnail","6":"product_cat-best-sellers-en","7":"product_cat-collier-en","8":"product_cat-nouveautes-en","9":"tm-has-styled-variations","10":"tm-has-options","12":"first","13":"instock","14":"taxable","15":"shipping-taxable","16":"purchasable","17":"product-type-simple"},"yoast_head":"<!-- This site is optimized with the Yoast SEO plugin v26.5 - https:\/\/yoast.com\/wordpress\/plugins\/seo\/ -->\n<title>7 Dances - Yrusha<\/title>\n<meta name=\"robots\" content=\"index, follow, max-snippet:-1, max-image-preview:large, max-video-preview:-1\" \/>\n<link rel=\"canonical\" href=\"https:\/\/yrusha.com\/en\/shop\/collier-en\/7-dances\/\" \/>\n<meta property=\"og:locale\" content=\"en_US\" \/>\n<meta property=\"og:type\" content=\"article\" \/>\n<meta property=\"og:title\" content=\"7 Dances - Yrusha\" \/>\n<meta property=\"og:description\" content=\"D\u00e9couvrez notre collier exceptionnel &quot;7 Danses&quot;, un message d&#039;espoir et de r\u00e9silience. En or finement cisel\u00e9 et serti de diamants scintillants, il arbore la phrase inspirante &#039;We Will Dance Again&#039;. Un hommage \u00e0 la force du peuple isra\u00e9lien, symbolisant la promesse que la joie et la danse rena\u00eetront. Un bijou porteur de sens, r\u00e9solument ancr\u00e9 dans l&#039;esprit indomptable d&#039;Isra\u00ebl.\" \/>\n<meta property=\"og:url\" content=\"https:\/\/yrusha.com\/en\/shop\/collier-en\/7-dances\/\" \/>\n<meta property=\"og:site_name\" content=\"Yrusha\" \/>\n<meta property=\"article:modified_time\" content=\"2025-11-05T10:21:39+00:00\" \/>\n<meta property=\"og:image\" content=\"https:\/\/yrusha.com\/wp-content\/uploads\/2023\/12\/a06cf2a9-f14f-45ea-9af3-567a2783cabd.jpg\" \/>\n\t<meta property=\"og:image:width\" content=\"760\" \/>\n\t<meta property=\"og:image:height\" content=\"846\" \/>\n\t<meta property=\"og:image:type\" content=\"image\/jpeg\" \/>\n<meta name=\"twitter:card\" content=\"summary_large_image\" \/>\n<script type=\"application\/ld+json\" class=\"yoast-schema-graph\">{\"@context\":\"https:\/\/schema.org\",\"@graph\":[{\"@type\":\"WebPage\",\"@id\":\"https:\/\/yrusha.com\/en\/shop\/collier-en\/7-dances\/\",\"url\":\"https:\/\/yrusha.com\/en\/shop\/collier-en\/7-dances\/\",\"name\":\"7 Dances - Yrusha\",\"isPartOf\":{\"@id\":\"https:\/\/yrusha.com\/en\/#website\"},\"primaryImageOfPage\":{\"@id\":\"https:\/\/yrusha.com\/en\/shop\/collier-en\/7-dances\/#primaryimage\"},\"image\":{\"@id\":\"https:\/\/yrusha.com\/en\/shop\/collier-en\/7-dances\/#primaryimage\"},\"thumbnailUrl\":\"https:\/\/yrusha.com\/wp-content\/uploads\/2023\/12\/a06cf2a9-f14f-45ea-9af3-567a2783cabd.jpg\",\"datePublished\":\"2023-12-26T10:40:33+00:00\",\"dateModified\":\"2025-11-05T10:21:39+00:00\",\"breadcrumb\":{\"@id\":\"https:\/\/yrusha.com\/en\/shop\/collier-en\/7-dances\/#breadcrumb\"},\"inLanguage\":\"en-US\",\"potentialAction\":[{\"@type\":\"ReadAction\",\"target\":[\"https:\/\/yrusha.com\/en\/shop\/collier-en\/7-dances\/\"]}]},{\"@type\":\"ImageObject\",\"inLanguage\":\"en-US\",\"@id\":\"https:\/\/yrusha.com\/en\/shop\/collier-en\/7-dances\/#primaryimage\",\"url\":\"https:\/\/yrusha.com\/wp-content\/uploads\/2023\/12\/a06cf2a9-f14f-45ea-9af3-567a2783cabd.jpg\",\"contentUrl\":\"https:\/\/yrusha.com\/wp-content\/uploads\/2023\/12\/a06cf2a9-f14f-45ea-9af3-567a2783cabd.jpg\",\"width\":760,\"height\":846},{\"@type\":\"BreadcrumbList\",\"@id\":\"https:\/\/yrusha.com\/en\/shop\/collier-en\/7-dances\/#breadcrumb\",\"itemListElement\":[{\"@type\":\"ListItem\",\"position\":1,\"name\":\"Home\",\"item\":\"https:\/\/yrusha.com\/en\/\"},{\"@type\":\"ListItem\",\"position\":2,\"name\":\"shop\",\"item\":\"https:\/\/yrusha.com\/en\/shop\/\"},{\"@type\":\"ListItem\",\"position\":3,\"name\":\"Necklaces\",\"item\":\"https:\/\/yrusha.com\/en\/product-category\/collier-en\/\"},{\"@type\":\"ListItem\",\"position\":4,\"name\":\"7 Dances\"}]},{\"@type\":\"WebSite\",\"@id\":\"https:\/\/yrusha.com\/en\/#website\",\"url\":\"https:\/\/yrusha.com\/en\/\",\"name\":\"Yrusha\",\"description\":\"Jewelry\",\"publisher\":{\"@id\":\"https:\/\/yrusha.com\/en\/#organization\"},\"potentialAction\":[{\"@type\":\"SearchAction\",\"target\":{\"@type\":\"EntryPoint\",\"urlTemplate\":\"https:\/\/yrusha.com\/en\/?s={search_term_string}\"},\"query-input\":{\"@type\":\"PropertyValueSpecification\",\"valueRequired\":true,\"valueName\":\"search_term_string\"}}],\"inLanguage\":\"en-US\"},{\"@type\":\"Organization\",\"@id\":\"https:\/\/yrusha.com\/en\/#organization\",\"name\":\"Yrusha\",\"url\":\"https:\/\/yrusha.com\/en\/\",\"logo\":{\"@type\":\"ImageObject\",\"inLanguage\":\"en-US\",\"@id\":\"https:\/\/yrusha.com\/en\/#\/schema\/logo\/image\/\",\"url\":\"https:\/\/yrusha.com\/wp-content\/uploads\/2019\/08\/logowhitesamllshad.svg\",\"contentUrl\":\"https:\/\/yrusha.com\/wp-content\/uploads\/2019\/08\/logowhitesamllshad.svg\",\"width\":213.89,\"height\":216.39,\"caption\":\"Yrusha\"},\"image\":{\"@id\":\"https:\/\/yrusha.com\/en\/#\/schema\/logo\/image\/\"}}]}<\/script>\n<!-- \/ Yoast SEO plugin. -->","yoast_head_json":{"title":"7 Dances - Yrusha","robots":{"index":"index","follow":"follow","max-snippet":"max-snippet:-1","max-image-preview":"max-image-preview:large","max-video-preview":"max-video-preview:-1"},"canonical":"https:\/\/yrusha.com\/en\/shop\/collier-en\/7-dances\/","og_locale":"en_US","og_type":"article","og_title":"7 Dances - Yrusha","og_description":"D\u00e9couvrez notre collier exceptionnel \"7 Danses\", un message d'espoir et de r\u00e9silience. En or finement cisel\u00e9 et serti de diamants scintillants, il arbore la phrase inspirante 'We Will Dance Again'. Un hommage \u00e0 la force du peuple isra\u00e9lien, symbolisant la promesse que la joie et la danse rena\u00eetront. Un bijou porteur de sens, r\u00e9solument ancr\u00e9 dans l'esprit indomptable d'Isra\u00ebl.","og_url":"https:\/\/yrusha.com\/en\/shop\/collier-en\/7-dances\/","og_site_name":"Yrusha","article_modified_time":"2025-11-05T10:21:39+00:00","og_image":[{"width":760,"height":846,"url":"https:\/\/yrusha.com\/wp-content\/uploads\/2023\/12\/a06cf2a9-f14f-45ea-9af3-567a2783cabd.jpg","type":"image\/jpeg"}],"twitter_card":"summary_large_image","schema":{"@context":"https:\/\/schema.org","@graph":[{"@type":"WebPage","@id":"https:\/\/yrusha.com\/en\/shop\/collier-en\/7-dances\/","url":"https:\/\/yrusha.com\/en\/shop\/collier-en\/7-dances\/","name":"7 Dances - Yrusha","isPartOf":{"@id":"https:\/\/yrusha.com\/en\/#website"},"primaryImageOfPage":{"@id":"https:\/\/yrusha.com\/en\/shop\/collier-en\/7-dances\/#primaryimage"},"image":{"@id":"https:\/\/yrusha.com\/en\/shop\/collier-en\/7-dances\/#primaryimage"},"thumbnailUrl":"https:\/\/yrusha.com\/wp-content\/uploads\/2023\/12\/a06cf2a9-f14f-45ea-9af3-567a2783cabd.jpg","datePublished":"2023-12-26T10:40:33+00:00","dateModified":"2025-11-05T10:21:39+00:00","breadcrumb":{"@id":"https:\/\/yrusha.com\/en\/shop\/collier-en\/7-dances\/#breadcrumb"},"inLanguage":"en-US","potentialAction":[{"@type":"ReadAction","target":["https:\/\/yrusha.com\/en\/shop\/collier-en\/7-dances\/"]}]},{"@type":"ImageObject","inLanguage":"en-US","@id":"https:\/\/yrusha.com\/en\/shop\/collier-en\/7-dances\/#primaryimage","url":"https:\/\/yrusha.com\/wp-content\/uploads\/2023\/12\/a06cf2a9-f14f-45ea-9af3-567a2783cabd.jpg","contentUrl":"https:\/\/yrusha.com\/wp-content\/uploads\/2023\/12\/a06cf2a9-f14f-45ea-9af3-567a2783cabd.jpg","width":760,"height":846},{"@type":"BreadcrumbList","@id":"https:\/\/yrusha.com\/en\/shop\/collier-en\/7-dances\/#breadcrumb","itemListElement":[{"@type":"ListItem","position":1,"name":"Home","item":"https:\/\/yrusha.com\/en\/"},{"@type":"ListItem","position":2,"name":"shop","item":"https:\/\/yrusha.com\/en\/shop\/"},{"@type":"ListItem","position":3,"name":"Necklaces","item":"https:\/\/yrusha.com\/en\/product-category\/collier-en\/"},{"@type":"ListItem","position":4,"name":"7 Dances"}]},{"@type":"WebSite","@id":"https:\/\/yrusha.com\/en\/#website","url":"https:\/\/yrusha.com\/en\/","name":"Yrusha","description":"Jewelry","publisher":{"@id":"https:\/\/yrusha.com\/en\/#organization"},"potentialAction":[{"@type":"SearchAction","target":{"@type":"EntryPoint","urlTemplate":"https:\/\/yrusha.com\/en\/?s={search_term_string}"},"query-input":{"@type":"PropertyValueSpecification","valueRequired":true,"valueName":"search_term_string"}}],"inLanguage":"en-US"},{"@type":"Organization","@id":"https:\/\/yrusha.com\/en\/#organization","name":"Yrusha","url":"https:\/\/yrusha.com\/en\/","logo":{"@type":"ImageObject","inLanguage":"en-US","@id":"https:\/\/yrusha.com\/en\/#\/schema\/logo\/image\/","url":"https:\/\/yrusha.com\/wp-content\/uploads\/2019\/08\/logowhitesamllshad.svg","contentUrl":"https:\/\/yrusha.com\/wp-content\/uploads\/2019\/08\/logowhitesamllshad.svg","width":213.89,"height":216.39,"caption":"Yrusha"},"image":{"@id":"https:\/\/yrusha.com\/en\/#\/schema\/logo\/image\/"}}]}},"_links":{"self":[{"href":"https:\/\/yrusha.com\/en\/wp-json\/wp\/v2\/product\/9296","targetHints":{"allow":["GET"]}}],"collection":[{"href":"https:\/\/yrusha.com\/en\/wp-json\/wp\/v2\/product"}],"about":[{"href":"https:\/\/yrusha.com\/en\/wp-json\/wp\/v2\/types\/product"}],"wp:featuredmedia":[{"embeddable":true,"href":"https:\/\/yrusha.com\/en\/wp-json\/wp\/v2\/media\/9288"}],"wp:attachment":[{"href":"https:\/\/yrusha.com\/en\/wp-json\/wp\/v2\/media?parent=9296"}],"wp:term":[{"taxonomy":"product_brand","embeddable":true,"href":"https:\/\/yrusha.com\/en\/wp-json\/wp\/v2\/product_brand?post=9296"},{"taxonomy":"product_cat","embeddable":true,"href":"https:\/\/yrusha.com\/en\/wp-json\/wp\/v2\/product_cat?post=9296"},{"taxonomy":"product_tag","embeddable":true,"href":"https:\/\/yrusha.com\/en\/wp-json\/wp\/v2\/product_tag?post=9296"}],"curies":[{"name":"wp","href":"https:\/\/api.w.org\/{rel}","templated":true}]}}