{"id":9282,"date":"2023-12-26T12:09:25","date_gmt":"2023-12-26T10:09:25","guid":{"rendered":"https:\/\/yrusha.com\/?post_type=product&#038;p=9282"},"modified":"2025-11-03T10:03:12","modified_gmt":"2025-11-03T08:03:12","slug":"bubble-gold-puce-earring","status":"publish","type":"product","link":"https:\/\/yrusha.com\/en\/shop\/collection-en\/coeur-en\/bubble-gold-puce-earring\/","title":{"rendered":"Bubble Gold Puce (pair)"},"content":{"rendered":"<p><strong>Type de produit<\/strong> : Boucle d&#8217;oreilles\u00a0or18k ou or 14k jaune\/rose\/blanc. Vendu en pair.<br \/>\n<strong>Pierres<\/strong>: Diamants<br \/>\n<strong>Poids<\/strong>: 3.75 gr<\/p>\n<p>&nbsp;<\/p>\n<p>&nbsp;<\/p>\n","protected":false},"excerpt":{"rendered":"<p>Inspir\u00e9 d&#8217;une atmosph\u00e8re solaire, la boucle d&#8217;oreille Bubble Gold vient orn\u00e9 vos oreilles de bulles d&#8217;or et de diamants. Un design disruptive, qui casse les code de la haute joaillerie.<\/p>\n","protected":false},"featured_media":9283,"template":"","meta":[],"product_brand":[],"product_cat":[185,254,216],"product_tag":[],"class_list":{"0":"post-9282","1":"product","2":"type-product","3":"status-publish","4":"has-post-thumbnail","6":"product_cat-boucle-doreille","7":"product_cat-coquillage","8":"product_cat-nouveautes","9":"tm-has-options","11":"first","12":"instock","13":"taxable","14":"shipping-taxable","15":"purchasable","16":"product-type-variable"},"yoast_head":"<!-- This site is optimized with the Yoast SEO plugin v26.5 - https:\/\/yoast.com\/wordpress\/plugins\/seo\/ -->\n<title>Boucle d&#039;oreilles &quot;Bubble Gold Puce (pair)&quot; - Yrusha Jewelry<\/title>\n<meta name=\"description\" content=\"Inspir\u00e9 d&#039;une atmosph\u00e8re solaire, la boucle d&#039;oreille Bubble Gold vient orn\u00e9 vos doigt de bulles d&#039;or et de diamants. Un design disruptive, qui casse les code de la haute joaillerie.\" \/>\n<meta name=\"robots\" content=\"index, follow, max-snippet:-1, max-image-preview:large, max-video-preview:-1\" \/>\n<link rel=\"canonical\" href=\"https:\/\/yrusha.com\/en\/shop\/collection-en\/coeur-en\/bubble-gold-puce-earring\/\" \/>\n<meta property=\"og:locale\" content=\"en_US\" \/>\n<meta property=\"og:type\" content=\"article\" \/>\n<meta property=\"og:title\" content=\"Boucle d&#039;oreilles &quot;Bubble Gold Puce (pair)&quot; - Yrusha Jewelry\" \/>\n<meta property=\"og:description\" content=\"Inspir\u00e9 d&#039;une atmosph\u00e8re solaire, la boucle d&#039;oreille Bubble Gold vient orn\u00e9 vos doigt de bulles d&#039;or et de diamants. Un design disruptive, qui casse les code de la haute joaillerie.\" \/>\n<meta property=\"og:url\" content=\"https:\/\/yrusha.com\/en\/shop\/collection-en\/coeur-en\/bubble-gold-puce-earring\/\" \/>\n<meta property=\"og:site_name\" content=\"Yrusha\" \/>\n<meta property=\"article:modified_time\" content=\"2025-11-03T08:03:12+00:00\" \/>\n<meta property=\"og:image\" content=\"https:\/\/yrusha.com\/wp-content\/uploads\/2023\/12\/a82d1e9f-83bf-4c43-a70b-dc88b88c0031.jpg\" \/>\n\t<meta property=\"og:image:width\" content=\"1024\" \/>\n\t<meta property=\"og:image:height\" content=\"798\" \/>\n\t<meta property=\"og:image:type\" content=\"image\/jpeg\" \/>\n<meta name=\"twitter:card\" content=\"summary_large_image\" \/>\n<meta name=\"twitter:label1\" content=\"Est. reading time\" \/>\n\t<meta name=\"twitter:data1\" content=\"1 minute\" \/>\n<script type=\"application\/ld+json\" class=\"yoast-schema-graph\">{\"@context\":\"https:\/\/schema.org\",\"@graph\":[{\"@type\":\"WebPage\",\"@id\":\"https:\/\/yrusha.com\/en\/shop\/collection-en\/coeur-en\/bubble-gold-puce-earring\/\",\"url\":\"https:\/\/yrusha.com\/en\/shop\/collection-en\/coeur-en\/bubble-gold-puce-earring\/\",\"name\":\"Boucle d'oreilles \\\"Bubble Gold Puce (pair)\\\" - Yrusha Jewelry\",\"isPartOf\":{\"@id\":\"https:\/\/yrusha.com\/en\/#website\"},\"primaryImageOfPage\":{\"@id\":\"https:\/\/yrusha.com\/en\/shop\/collection-en\/coeur-en\/bubble-gold-puce-earring\/#primaryimage\"},\"image\":{\"@id\":\"https:\/\/yrusha.com\/en\/shop\/collection-en\/coeur-en\/bubble-gold-puce-earring\/#primaryimage\"},\"thumbnailUrl\":\"https:\/\/yrusha.com\/wp-content\/uploads\/2023\/12\/a82d1e9f-83bf-4c43-a70b-dc88b88c0031.jpg\",\"datePublished\":\"2023-12-26T10:09:25+00:00\",\"dateModified\":\"2025-11-03T08:03:12+00:00\",\"description\":\"Inspir\u00e9 d'une atmosph\u00e8re solaire, la boucle d'oreille Bubble Gold vient orn\u00e9 vos doigt de bulles d'or et de diamants. Un design disruptive, qui casse les code de la haute joaillerie.\",\"breadcrumb\":{\"@id\":\"https:\/\/yrusha.com\/en\/shop\/collection-en\/coeur-en\/bubble-gold-puce-earring\/#breadcrumb\"},\"inLanguage\":\"en-US\",\"potentialAction\":[{\"@type\":\"ReadAction\",\"target\":[\"https:\/\/yrusha.com\/en\/shop\/collection-en\/coeur-en\/bubble-gold-puce-earring\/\"]}]},{\"@type\":\"ImageObject\",\"inLanguage\":\"en-US\",\"@id\":\"https:\/\/yrusha.com\/en\/shop\/collection-en\/coeur-en\/bubble-gold-puce-earring\/#primaryimage\",\"url\":\"https:\/\/yrusha.com\/wp-content\/uploads\/2023\/12\/a82d1e9f-83bf-4c43-a70b-dc88b88c0031.jpg\",\"contentUrl\":\"https:\/\/yrusha.com\/wp-content\/uploads\/2023\/12\/a82d1e9f-83bf-4c43-a70b-dc88b88c0031.jpg\",\"width\":1024,\"height\":798},{\"@type\":\"BreadcrumbList\",\"@id\":\"https:\/\/yrusha.com\/en\/shop\/collection-en\/coeur-en\/bubble-gold-puce-earring\/#breadcrumb\",\"itemListElement\":[{\"@type\":\"ListItem\",\"position\":1,\"name\":\"Home\",\"item\":\"https:\/\/yrusha.com\/en\/\"},{\"@type\":\"ListItem\",\"position\":2,\"name\":\"shop\",\"item\":\"https:\/\/yrusha.com\/en\/shop\/\"},{\"@type\":\"ListItem\",\"position\":3,\"name\":\"Earrings\",\"item\":\"https:\/\/yrusha.com\/en\/product-category\/boucle-doreille-en\/\"},{\"@type\":\"ListItem\",\"position\":4,\"name\":\"Bubble Gold Puce (pair)\"}]},{\"@type\":\"WebSite\",\"@id\":\"https:\/\/yrusha.com\/en\/#website\",\"url\":\"https:\/\/yrusha.com\/en\/\",\"name\":\"Yrusha\",\"description\":\"Jewelry\",\"publisher\":{\"@id\":\"https:\/\/yrusha.com\/en\/#organization\"},\"potentialAction\":[{\"@type\":\"SearchAction\",\"target\":{\"@type\":\"EntryPoint\",\"urlTemplate\":\"https:\/\/yrusha.com\/en\/?s={search_term_string}\"},\"query-input\":{\"@type\":\"PropertyValueSpecification\",\"valueRequired\":true,\"valueName\":\"search_term_string\"}}],\"inLanguage\":\"en-US\"},{\"@type\":\"Organization\",\"@id\":\"https:\/\/yrusha.com\/en\/#organization\",\"name\":\"Yrusha\",\"url\":\"https:\/\/yrusha.com\/en\/\",\"logo\":{\"@type\":\"ImageObject\",\"inLanguage\":\"en-US\",\"@id\":\"https:\/\/yrusha.com\/en\/#\/schema\/logo\/image\/\",\"url\":\"https:\/\/yrusha.com\/wp-content\/uploads\/2019\/08\/logowhitesamllshad.svg\",\"contentUrl\":\"https:\/\/yrusha.com\/wp-content\/uploads\/2019\/08\/logowhitesamllshad.svg\",\"width\":213.89,\"height\":216.39,\"caption\":\"Yrusha\"},\"image\":{\"@id\":\"https:\/\/yrusha.com\/en\/#\/schema\/logo\/image\/\"}}]}<\/script>\n<!-- \/ Yoast SEO plugin. -->","yoast_head_json":{"title":"Boucle d'oreilles \"Bubble Gold Puce (pair)\" - Yrusha Jewelry","description":"Inspir\u00e9 d'une atmosph\u00e8re solaire, la boucle d'oreille Bubble Gold vient orn\u00e9 vos doigt de bulles d'or et de diamants. Un design disruptive, qui casse les code de la haute joaillerie.","robots":{"index":"index","follow":"follow","max-snippet":"max-snippet:-1","max-image-preview":"max-image-preview:large","max-video-preview":"max-video-preview:-1"},"canonical":"https:\/\/yrusha.com\/en\/shop\/collection-en\/coeur-en\/bubble-gold-puce-earring\/","og_locale":"en_US","og_type":"article","og_title":"Boucle d'oreilles \"Bubble Gold Puce (pair)\" - Yrusha Jewelry","og_description":"Inspir\u00e9 d'une atmosph\u00e8re solaire, la boucle d'oreille Bubble Gold vient orn\u00e9 vos doigt de bulles d'or et de diamants. Un design disruptive, qui casse les code de la haute joaillerie.","og_url":"https:\/\/yrusha.com\/en\/shop\/collection-en\/coeur-en\/bubble-gold-puce-earring\/","og_site_name":"Yrusha","article_modified_time":"2025-11-03T08:03:12+00:00","og_image":[{"width":1024,"height":798,"url":"https:\/\/yrusha.com\/wp-content\/uploads\/2023\/12\/a82d1e9f-83bf-4c43-a70b-dc88b88c0031.jpg","type":"image\/jpeg"}],"twitter_card":"summary_large_image","twitter_misc":{"Est. reading time":"1 minute"},"schema":{"@context":"https:\/\/schema.org","@graph":[{"@type":"WebPage","@id":"https:\/\/yrusha.com\/en\/shop\/collection-en\/coeur-en\/bubble-gold-puce-earring\/","url":"https:\/\/yrusha.com\/en\/shop\/collection-en\/coeur-en\/bubble-gold-puce-earring\/","name":"Boucle d'oreilles \"Bubble Gold Puce (pair)\" - Yrusha Jewelry","isPartOf":{"@id":"https:\/\/yrusha.com\/en\/#website"},"primaryImageOfPage":{"@id":"https:\/\/yrusha.com\/en\/shop\/collection-en\/coeur-en\/bubble-gold-puce-earring\/#primaryimage"},"image":{"@id":"https:\/\/yrusha.com\/en\/shop\/collection-en\/coeur-en\/bubble-gold-puce-earring\/#primaryimage"},"thumbnailUrl":"https:\/\/yrusha.com\/wp-content\/uploads\/2023\/12\/a82d1e9f-83bf-4c43-a70b-dc88b88c0031.jpg","datePublished":"2023-12-26T10:09:25+00:00","dateModified":"2025-11-03T08:03:12+00:00","description":"Inspir\u00e9 d'une atmosph\u00e8re solaire, la boucle d'oreille Bubble Gold vient orn\u00e9 vos doigt de bulles d'or et de diamants. Un design disruptive, qui casse les code de la haute joaillerie.","breadcrumb":{"@id":"https:\/\/yrusha.com\/en\/shop\/collection-en\/coeur-en\/bubble-gold-puce-earring\/#breadcrumb"},"inLanguage":"en-US","potentialAction":[{"@type":"ReadAction","target":["https:\/\/yrusha.com\/en\/shop\/collection-en\/coeur-en\/bubble-gold-puce-earring\/"]}]},{"@type":"ImageObject","inLanguage":"en-US","@id":"https:\/\/yrusha.com\/en\/shop\/collection-en\/coeur-en\/bubble-gold-puce-earring\/#primaryimage","url":"https:\/\/yrusha.com\/wp-content\/uploads\/2023\/12\/a82d1e9f-83bf-4c43-a70b-dc88b88c0031.jpg","contentUrl":"https:\/\/yrusha.com\/wp-content\/uploads\/2023\/12\/a82d1e9f-83bf-4c43-a70b-dc88b88c0031.jpg","width":1024,"height":798},{"@type":"BreadcrumbList","@id":"https:\/\/yrusha.com\/en\/shop\/collection-en\/coeur-en\/bubble-gold-puce-earring\/#breadcrumb","itemListElement":[{"@type":"ListItem","position":1,"name":"Home","item":"https:\/\/yrusha.com\/en\/"},{"@type":"ListItem","position":2,"name":"shop","item":"https:\/\/yrusha.com\/en\/shop\/"},{"@type":"ListItem","position":3,"name":"Earrings","item":"https:\/\/yrusha.com\/en\/product-category\/boucle-doreille-en\/"},{"@type":"ListItem","position":4,"name":"Bubble Gold Puce (pair)"}]},{"@type":"WebSite","@id":"https:\/\/yrusha.com\/en\/#website","url":"https:\/\/yrusha.com\/en\/","name":"Yrusha","description":"Jewelry","publisher":{"@id":"https:\/\/yrusha.com\/en\/#organization"},"potentialAction":[{"@type":"SearchAction","target":{"@type":"EntryPoint","urlTemplate":"https:\/\/yrusha.com\/en\/?s={search_term_string}"},"query-input":{"@type":"PropertyValueSpecification","valueRequired":true,"valueName":"search_term_string"}}],"inLanguage":"en-US"},{"@type":"Organization","@id":"https:\/\/yrusha.com\/en\/#organization","name":"Yrusha","url":"https:\/\/yrusha.com\/en\/","logo":{"@type":"ImageObject","inLanguage":"en-US","@id":"https:\/\/yrusha.com\/en\/#\/schema\/logo\/image\/","url":"https:\/\/yrusha.com\/wp-content\/uploads\/2019\/08\/logowhitesamllshad.svg","contentUrl":"https:\/\/yrusha.com\/wp-content\/uploads\/2019\/08\/logowhitesamllshad.svg","width":213.89,"height":216.39,"caption":"Yrusha"},"image":{"@id":"https:\/\/yrusha.com\/en\/#\/schema\/logo\/image\/"}}]}},"_links":{"self":[{"href":"https:\/\/yrusha.com\/en\/wp-json\/wp\/v2\/product\/9282","targetHints":{"allow":["GET"]}}],"collection":[{"href":"https:\/\/yrusha.com\/en\/wp-json\/wp\/v2\/product"}],"about":[{"href":"https:\/\/yrusha.com\/en\/wp-json\/wp\/v2\/types\/product"}],"wp:featuredmedia":[{"embeddable":true,"href":"https:\/\/yrusha.com\/en\/wp-json\/wp\/v2\/media\/9283"}],"wp:attachment":[{"href":"https:\/\/yrusha.com\/en\/wp-json\/wp\/v2\/media?parent=9282"}],"wp:term":[{"taxonomy":"product_brand","embeddable":true,"href":"https:\/\/yrusha.com\/en\/wp-json\/wp\/v2\/product_brand?post=9282"},{"taxonomy":"product_cat","embeddable":true,"href":"https:\/\/yrusha.com\/en\/wp-json\/wp\/v2\/product_cat?post=9282"},{"taxonomy":"product_tag","embeddable":true,"href":"https:\/\/yrusha.com\/en\/wp-json\/wp\/v2\/product_tag?post=9282"}],"curies":[{"name":"wp","href":"https:\/\/api.w.org\/{rel}","templated":true}]}}