{"id":9214,"date":"2023-10-16T16:22:58","date_gmt":"2023-10-16T13:22:58","guid":{"rendered":"https:\/\/yrusha.com\/shop\/uncategorized\/douceur-pic-diamants\/"},"modified":"2025-11-05T15:15:51","modified_gmt":"2025-11-05T13:15:51","slug":"douceur-pic-diamants","status":"publish","type":"product","link":"https:\/\/yrusha.com\/en\/shop\/collection-en\/harmonie-en\/douceur-pic-diamants\/","title":{"rendered":"Douceur Pic Diamants"},"content":{"rendered":"<p><strong>Type de produit<\/strong> : Bracelet or 14k jaune\/rose\/blanc<br \/>\n<strong>Pierres<\/strong> : Diamants sertis<\/p>\n<p><strong>Poids: <\/strong>12 gr<\/p>\n","protected":false},"excerpt":{"rendered":"<p>A heart-shaped design that wraps around your wrist. The DOUCEUR PIC DIAMANTS bracelet is adorned with diamonds on the peak of the heart to enhance this shape, symbolizing love and peace.<\/p>\n","protected":false},"featured_media":9156,"template":"","meta":[],"product_brand":[],"product_cat":[306,259,304,263,305],"product_tag":[],"class_list":{"0":"post-9214","1":"product","2":"type-product","3":"status-publish","4":"has-post-thumbnail","6":"product_cat-best-sellers-en","7":"product_cat-bracelets-en","8":"product_cat-fiancailles-en","9":"product_cat-harmonie-en","10":"product_cat-mariage-en","11":"tm-no-options","13":"first","14":"instock","15":"taxable","16":"shipping-taxable","17":"purchasable","18":"product-type-simple"},"yoast_head":"<!-- This site is optimized with the Yoast SEO plugin v26.5 - https:\/\/yoast.com\/wordpress\/plugins\/seo\/ -->\n<title>Bracelet &quot;Douceur Pic Diamants&quot; - Yrusha Jewelry<\/title>\n<meta name=\"description\" content=\"Deux anneaux cr\u00e9oles comme 2 \u00eatres venus d\u2019univers diff\u00e9rents qui s\u2019unissent pour ne faire qu\u2019une boucle d\u2019oreille. L\u2019un fin, \u00e9lanc\u00e9 en or blanc l\u00e9g\u00e8rement beige martel\u00e9 manuellement qui lui donne un effet vintage. L\u2019autre plus petit, mais plus g\u00e9n\u00e9reux en or jaune lisse brillant surmont\u00e9 de diamants sur griffes\" \/>\n<meta name=\"robots\" content=\"index, follow, max-snippet:-1, max-image-preview:large, max-video-preview:-1\" \/>\n<link rel=\"canonical\" href=\"https:\/\/yrusha.com\/en\/shop\/collection-en\/harmonie-en\/douceur-pic-diamants\/\" \/>\n<meta property=\"og:locale\" content=\"en_US\" \/>\n<meta property=\"og:type\" content=\"article\" \/>\n<meta property=\"og:title\" content=\"Bracelet &quot;Douceur Pic Diamants&quot; - Yrusha Jewelry\" \/>\n<meta property=\"og:description\" content=\"Deux anneaux cr\u00e9oles comme 2 \u00eatres venus d\u2019univers diff\u00e9rents qui s\u2019unissent pour ne faire qu\u2019une boucle d\u2019oreille. L\u2019un fin, \u00e9lanc\u00e9 en or blanc l\u00e9g\u00e8rement beige martel\u00e9 manuellement qui lui donne un effet vintage. L\u2019autre plus petit, mais plus g\u00e9n\u00e9reux en or jaune lisse brillant surmont\u00e9 de diamants sur griffes\" \/>\n<meta property=\"og:url\" content=\"https:\/\/yrusha.com\/en\/shop\/collection-en\/harmonie-en\/douceur-pic-diamants\/\" \/>\n<meta property=\"og:site_name\" content=\"Yrusha\" \/>\n<meta property=\"article:modified_time\" content=\"2025-11-05T13:15:51+00:00\" \/>\n<meta property=\"og:image\" content=\"https:\/\/yrusha.com\/wp-content\/uploads\/2023\/10\/20221129_113024-scaled-e1697463029271.jpg\" \/>\n\t<meta property=\"og:image:width\" content=\"1920\" \/>\n\t<meta property=\"og:image:height\" content=\"2560\" \/>\n\t<meta property=\"og:image:type\" content=\"image\/jpeg\" \/>\n<meta name=\"twitter:card\" content=\"summary_large_image\" \/>\n<script type=\"application\/ld+json\" class=\"yoast-schema-graph\">{\"@context\":\"https:\/\/schema.org\",\"@graph\":[{\"@type\":\"WebPage\",\"@id\":\"https:\/\/yrusha.com\/en\/shop\/collection-en\/harmonie-en\/douceur-pic-diamants\/\",\"url\":\"https:\/\/yrusha.com\/en\/shop\/collection-en\/harmonie-en\/douceur-pic-diamants\/\",\"name\":\"Bracelet \\\"Douceur Pic Diamants\\\" - Yrusha Jewelry\",\"isPartOf\":{\"@id\":\"https:\/\/yrusha.com\/en\/#website\"},\"primaryImageOfPage\":{\"@id\":\"https:\/\/yrusha.com\/en\/shop\/collection-en\/harmonie-en\/douceur-pic-diamants\/#primaryimage\"},\"image\":{\"@id\":\"https:\/\/yrusha.com\/en\/shop\/collection-en\/harmonie-en\/douceur-pic-diamants\/#primaryimage\"},\"thumbnailUrl\":\"https:\/\/yrusha.com\/wp-content\/uploads\/2023\/10\/20221129_113024-scaled-e1697463029271.jpg\",\"datePublished\":\"2023-10-16T13:22:58+00:00\",\"dateModified\":\"2025-11-05T13:15:51+00:00\",\"description\":\"Deux anneaux cr\u00e9oles comme 2 \u00eatres venus d\u2019univers diff\u00e9rents qui s\u2019unissent pour ne faire qu\u2019une boucle d\u2019oreille. L\u2019un fin, \u00e9lanc\u00e9 en or blanc l\u00e9g\u00e8rement beige martel\u00e9 manuellement qui lui donne un effet vintage. L\u2019autre plus petit, mais plus g\u00e9n\u00e9reux en or jaune lisse brillant surmont\u00e9 de diamants sur griffes\",\"breadcrumb\":{\"@id\":\"https:\/\/yrusha.com\/en\/shop\/collection-en\/harmonie-en\/douceur-pic-diamants\/#breadcrumb\"},\"inLanguage\":\"en-US\",\"potentialAction\":[{\"@type\":\"ReadAction\",\"target\":[\"https:\/\/yrusha.com\/en\/shop\/collection-en\/harmonie-en\/douceur-pic-diamants\/\"]}]},{\"@type\":\"ImageObject\",\"inLanguage\":\"en-US\",\"@id\":\"https:\/\/yrusha.com\/en\/shop\/collection-en\/harmonie-en\/douceur-pic-diamants\/#primaryimage\",\"url\":\"https:\/\/yrusha.com\/wp-content\/uploads\/2023\/10\/20221129_113024-scaled-e1697463029271.jpg\",\"contentUrl\":\"https:\/\/yrusha.com\/wp-content\/uploads\/2023\/10\/20221129_113024-scaled-e1697463029271.jpg\",\"width\":1920,\"height\":2560},{\"@type\":\"BreadcrumbList\",\"@id\":\"https:\/\/yrusha.com\/en\/shop\/collection-en\/harmonie-en\/douceur-pic-diamants\/#breadcrumb\",\"itemListElement\":[{\"@type\":\"ListItem\",\"position\":1,\"name\":\"Home\",\"item\":\"https:\/\/yrusha.com\/en\/\"},{\"@type\":\"ListItem\",\"position\":2,\"name\":\"shop\",\"item\":\"https:\/\/yrusha.com\/en\/shop\/\"},{\"@type\":\"ListItem\",\"position\":3,\"name\":\"Bracelets\",\"item\":\"https:\/\/yrusha.com\/en\/product-category\/bracelets-en\/\"},{\"@type\":\"ListItem\",\"position\":4,\"name\":\"Douceur Pic Diamants\"}]},{\"@type\":\"WebSite\",\"@id\":\"https:\/\/yrusha.com\/en\/#website\",\"url\":\"https:\/\/yrusha.com\/en\/\",\"name\":\"Yrusha\",\"description\":\"Jewelry\",\"publisher\":{\"@id\":\"https:\/\/yrusha.com\/en\/#organization\"},\"potentialAction\":[{\"@type\":\"SearchAction\",\"target\":{\"@type\":\"EntryPoint\",\"urlTemplate\":\"https:\/\/yrusha.com\/en\/?s={search_term_string}\"},\"query-input\":{\"@type\":\"PropertyValueSpecification\",\"valueRequired\":true,\"valueName\":\"search_term_string\"}}],\"inLanguage\":\"en-US\"},{\"@type\":\"Organization\",\"@id\":\"https:\/\/yrusha.com\/en\/#organization\",\"name\":\"Yrusha\",\"url\":\"https:\/\/yrusha.com\/en\/\",\"logo\":{\"@type\":\"ImageObject\",\"inLanguage\":\"en-US\",\"@id\":\"https:\/\/yrusha.com\/en\/#\/schema\/logo\/image\/\",\"url\":\"https:\/\/yrusha.com\/wp-content\/uploads\/2019\/08\/logowhitesamllshad.svg\",\"contentUrl\":\"https:\/\/yrusha.com\/wp-content\/uploads\/2019\/08\/logowhitesamllshad.svg\",\"width\":213.89,\"height\":216.39,\"caption\":\"Yrusha\"},\"image\":{\"@id\":\"https:\/\/yrusha.com\/en\/#\/schema\/logo\/image\/\"}}]}<\/script>\n<!-- \/ Yoast SEO plugin. -->","yoast_head_json":{"title":"Bracelet \"Douceur Pic Diamants\" - Yrusha Jewelry","description":"Deux anneaux cr\u00e9oles comme 2 \u00eatres venus d\u2019univers diff\u00e9rents qui s\u2019unissent pour ne faire qu\u2019une boucle d\u2019oreille. L\u2019un fin, \u00e9lanc\u00e9 en or blanc l\u00e9g\u00e8rement beige martel\u00e9 manuellement qui lui donne un effet vintage. L\u2019autre plus petit, mais plus g\u00e9n\u00e9reux en or jaune lisse brillant surmont\u00e9 de diamants sur griffes","robots":{"index":"index","follow":"follow","max-snippet":"max-snippet:-1","max-image-preview":"max-image-preview:large","max-video-preview":"max-video-preview:-1"},"canonical":"https:\/\/yrusha.com\/en\/shop\/collection-en\/harmonie-en\/douceur-pic-diamants\/","og_locale":"en_US","og_type":"article","og_title":"Bracelet \"Douceur Pic Diamants\" - Yrusha Jewelry","og_description":"Deux anneaux cr\u00e9oles comme 2 \u00eatres venus d\u2019univers diff\u00e9rents qui s\u2019unissent pour ne faire qu\u2019une boucle d\u2019oreille. L\u2019un fin, \u00e9lanc\u00e9 en or blanc l\u00e9g\u00e8rement beige martel\u00e9 manuellement qui lui donne un effet vintage. L\u2019autre plus petit, mais plus g\u00e9n\u00e9reux en or jaune lisse brillant surmont\u00e9 de diamants sur griffes","og_url":"https:\/\/yrusha.com\/en\/shop\/collection-en\/harmonie-en\/douceur-pic-diamants\/","og_site_name":"Yrusha","article_modified_time":"2025-11-05T13:15:51+00:00","og_image":[{"width":1920,"height":2560,"url":"https:\/\/yrusha.com\/wp-content\/uploads\/2023\/10\/20221129_113024-scaled-e1697463029271.jpg","type":"image\/jpeg"}],"twitter_card":"summary_large_image","schema":{"@context":"https:\/\/schema.org","@graph":[{"@type":"WebPage","@id":"https:\/\/yrusha.com\/en\/shop\/collection-en\/harmonie-en\/douceur-pic-diamants\/","url":"https:\/\/yrusha.com\/en\/shop\/collection-en\/harmonie-en\/douceur-pic-diamants\/","name":"Bracelet \"Douceur Pic Diamants\" - Yrusha Jewelry","isPartOf":{"@id":"https:\/\/yrusha.com\/en\/#website"},"primaryImageOfPage":{"@id":"https:\/\/yrusha.com\/en\/shop\/collection-en\/harmonie-en\/douceur-pic-diamants\/#primaryimage"},"image":{"@id":"https:\/\/yrusha.com\/en\/shop\/collection-en\/harmonie-en\/douceur-pic-diamants\/#primaryimage"},"thumbnailUrl":"https:\/\/yrusha.com\/wp-content\/uploads\/2023\/10\/20221129_113024-scaled-e1697463029271.jpg","datePublished":"2023-10-16T13:22:58+00:00","dateModified":"2025-11-05T13:15:51+00:00","description":"Deux anneaux cr\u00e9oles comme 2 \u00eatres venus d\u2019univers diff\u00e9rents qui s\u2019unissent pour ne faire qu\u2019une boucle d\u2019oreille. L\u2019un fin, \u00e9lanc\u00e9 en or blanc l\u00e9g\u00e8rement beige martel\u00e9 manuellement qui lui donne un effet vintage. L\u2019autre plus petit, mais plus g\u00e9n\u00e9reux en or jaune lisse brillant surmont\u00e9 de diamants sur griffes","breadcrumb":{"@id":"https:\/\/yrusha.com\/en\/shop\/collection-en\/harmonie-en\/douceur-pic-diamants\/#breadcrumb"},"inLanguage":"en-US","potentialAction":[{"@type":"ReadAction","target":["https:\/\/yrusha.com\/en\/shop\/collection-en\/harmonie-en\/douceur-pic-diamants\/"]}]},{"@type":"ImageObject","inLanguage":"en-US","@id":"https:\/\/yrusha.com\/en\/shop\/collection-en\/harmonie-en\/douceur-pic-diamants\/#primaryimage","url":"https:\/\/yrusha.com\/wp-content\/uploads\/2023\/10\/20221129_113024-scaled-e1697463029271.jpg","contentUrl":"https:\/\/yrusha.com\/wp-content\/uploads\/2023\/10\/20221129_113024-scaled-e1697463029271.jpg","width":1920,"height":2560},{"@type":"BreadcrumbList","@id":"https:\/\/yrusha.com\/en\/shop\/collection-en\/harmonie-en\/douceur-pic-diamants\/#breadcrumb","itemListElement":[{"@type":"ListItem","position":1,"name":"Home","item":"https:\/\/yrusha.com\/en\/"},{"@type":"ListItem","position":2,"name":"shop","item":"https:\/\/yrusha.com\/en\/shop\/"},{"@type":"ListItem","position":3,"name":"Bracelets","item":"https:\/\/yrusha.com\/en\/product-category\/bracelets-en\/"},{"@type":"ListItem","position":4,"name":"Douceur Pic Diamants"}]},{"@type":"WebSite","@id":"https:\/\/yrusha.com\/en\/#website","url":"https:\/\/yrusha.com\/en\/","name":"Yrusha","description":"Jewelry","publisher":{"@id":"https:\/\/yrusha.com\/en\/#organization"},"potentialAction":[{"@type":"SearchAction","target":{"@type":"EntryPoint","urlTemplate":"https:\/\/yrusha.com\/en\/?s={search_term_string}"},"query-input":{"@type":"PropertyValueSpecification","valueRequired":true,"valueName":"search_term_string"}}],"inLanguage":"en-US"},{"@type":"Organization","@id":"https:\/\/yrusha.com\/en\/#organization","name":"Yrusha","url":"https:\/\/yrusha.com\/en\/","logo":{"@type":"ImageObject","inLanguage":"en-US","@id":"https:\/\/yrusha.com\/en\/#\/schema\/logo\/image\/","url":"https:\/\/yrusha.com\/wp-content\/uploads\/2019\/08\/logowhitesamllshad.svg","contentUrl":"https:\/\/yrusha.com\/wp-content\/uploads\/2019\/08\/logowhitesamllshad.svg","width":213.89,"height":216.39,"caption":"Yrusha"},"image":{"@id":"https:\/\/yrusha.com\/en\/#\/schema\/logo\/image\/"}}]}},"_links":{"self":[{"href":"https:\/\/yrusha.com\/en\/wp-json\/wp\/v2\/product\/9214","targetHints":{"allow":["GET"]}}],"collection":[{"href":"https:\/\/yrusha.com\/en\/wp-json\/wp\/v2\/product"}],"about":[{"href":"https:\/\/yrusha.com\/en\/wp-json\/wp\/v2\/types\/product"}],"wp:featuredmedia":[{"embeddable":true,"href":"https:\/\/yrusha.com\/en\/wp-json\/wp\/v2\/media\/9156"}],"wp:attachment":[{"href":"https:\/\/yrusha.com\/en\/wp-json\/wp\/v2\/media?parent=9214"}],"wp:term":[{"taxonomy":"product_brand","embeddable":true,"href":"https:\/\/yrusha.com\/en\/wp-json\/wp\/v2\/product_brand?post=9214"},{"taxonomy":"product_cat","embeddable":true,"href":"https:\/\/yrusha.com\/en\/wp-json\/wp\/v2\/product_cat?post=9214"},{"taxonomy":"product_tag","embeddable":true,"href":"https:\/\/yrusha.com\/en\/wp-json\/wp\/v2\/product_tag?post=9214"}],"curies":[{"name":"wp","href":"https:\/\/api.w.org\/{rel}","templated":true}]}}