{"id":9209,"date":"2023-11-06T14:08:55","date_gmt":"2023-11-06T12:08:55","guid":{"rendered":"https:\/\/yrusha.com\/shop\/uncategorized\/esther-argent-standwithisrael-2\/"},"modified":"2025-11-05T15:00:31","modified_gmt":"2025-11-05T13:00:31","slug":"esther-argent-standwithisrael-2","status":"publish","type":"product","link":"https:\/\/yrusha.com\/en\/shop\/collier-en\/esther-argent-standwithisrael-2\/","title":{"rendered":"Esther (Argent) #StandWithIsrael"},"content":{"rendered":"<p>Product type: Unisex necklace<br \/>\ncord chain,<br \/>\nsilver pendant set with 0.25carat diamonds<br \/>&lt; 1 &gt;Color of the pendant: your choice <\/p>\n","protected":false},"excerpt":{"rendered":"<p>Dans l\u2019histoire de notre bible la reine Esther a sauv\u00e9 son peuple<br \/>\nla Magen David, signifie \u00ab protection \u00bb.<br \/>\nUn bouclier , Un symbole d\u2019union pour le am Isra\u00ebl.<\/p>\n<p>La collection ESTHER a \u00e9t\u00e9 cr\u00e9er en soutiens a Israel, ESTHER Argent est un model unisex et accessible<br \/>\nYrusha s\u2019engage \u00e0 reverser la totalit\u00e9 des b\u00e9n\u00e9fices au soutien des soldats ainsi qu\u2019aux familles endeuill\u00e9es<\/p>\n","protected":false},"featured_media":9192,"template":"","meta":[],"product_brand":[],"product_cat":[306,462,303,307,305],"product_tag":[],"class_list":{"0":"post-9209","1":"product","2":"type-product","3":"status-publish","4":"has-post-thumbnail","6":"product_cat-best-sellers-en","7":"product_cat-my-star","8":"product_cat-collier-en","9":"product_cat-nouveautes-en","10":"product_cat-mariage-en","11":"tm-has-styled-variations","12":"tm-has-options","14":"first","15":"instock","16":"taxable","17":"shipping-taxable","18":"purchasable","19":"product-type-simple"},"yoast_head":"<!-- This site is optimized with the Yoast SEO plugin v26.5 - https:\/\/yoast.com\/wordpress\/plugins\/seo\/ -->\n<title>Esther (Argent) #StandWithIsrael - Yrusha<\/title>\n<meta name=\"robots\" content=\"index, follow, max-snippet:-1, max-image-preview:large, max-video-preview:-1\" \/>\n<link rel=\"canonical\" href=\"https:\/\/yrusha.com\/en\/shop\/collier-en\/esther-argent-standwithisrael-2\/\" \/>\n<meta property=\"og:locale\" content=\"en_US\" \/>\n<meta property=\"og:type\" content=\"article\" \/>\n<meta property=\"og:title\" content=\"Esther (Argent) #StandWithIsrael - Yrusha\" \/>\n<meta property=\"og:description\" content=\"Dans l\u2019histoire de notre bible la reine Esther a sauv\u00e9 son peuple la Magen David, signifie \u00ab protection \u00bb. Un bouclier , Un symbole d\u2019union pour le am Isra\u00ebl. La collection ESTHER a \u00e9t\u00e9 cr\u00e9er en soutiens a Israel, ESTHER Argent est un model unisex et accessible Yrusha s\u2019engage \u00e0 reverser la totalit\u00e9 des b\u00e9n\u00e9fices au soutien des soldats ainsi qu\u2019aux familles endeuill\u00e9es\" \/>\n<meta property=\"og:url\" content=\"https:\/\/yrusha.com\/en\/shop\/collier-en\/esther-argent-standwithisrael-2\/\" \/>\n<meta property=\"og:site_name\" content=\"Yrusha\" \/>\n<meta property=\"article:modified_time\" content=\"2025-11-05T13:00:31+00:00\" \/>\n<meta property=\"og:image\" content=\"https:\/\/yrusha.com\/wp-content\/uploads\/2023\/11\/6a6c9506-b8ca-4981-b935-7585827ad2a9-copie-e1699290559727.jpg\" \/>\n\t<meta property=\"og:image:width\" content=\"800\" \/>\n\t<meta property=\"og:image:height\" content=\"2048\" \/>\n\t<meta property=\"og:image:type\" content=\"image\/jpeg\" \/>\n<meta name=\"twitter:card\" content=\"summary_large_image\" \/>\n<script type=\"application\/ld+json\" class=\"yoast-schema-graph\">{\"@context\":\"https:\/\/schema.org\",\"@graph\":[{\"@type\":\"WebPage\",\"@id\":\"https:\/\/yrusha.com\/en\/shop\/collier-en\/esther-argent-standwithisrael-2\/\",\"url\":\"https:\/\/yrusha.com\/en\/shop\/collier-en\/esther-argent-standwithisrael-2\/\",\"name\":\"Esther (Argent) #StandWithIsrael - Yrusha\",\"isPartOf\":{\"@id\":\"https:\/\/yrusha.com\/en\/#website\"},\"primaryImageOfPage\":{\"@id\":\"https:\/\/yrusha.com\/en\/shop\/collier-en\/esther-argent-standwithisrael-2\/#primaryimage\"},\"image\":{\"@id\":\"https:\/\/yrusha.com\/en\/shop\/collier-en\/esther-argent-standwithisrael-2\/#primaryimage\"},\"thumbnailUrl\":\"https:\/\/yrusha.com\/wp-content\/uploads\/2023\/11\/6a6c9506-b8ca-4981-b935-7585827ad2a9-copie-e1699290559727.jpg\",\"datePublished\":\"2023-11-06T12:08:55+00:00\",\"dateModified\":\"2025-11-05T13:00:31+00:00\",\"breadcrumb\":{\"@id\":\"https:\/\/yrusha.com\/en\/shop\/collier-en\/esther-argent-standwithisrael-2\/#breadcrumb\"},\"inLanguage\":\"en-US\",\"potentialAction\":[{\"@type\":\"ReadAction\",\"target\":[\"https:\/\/yrusha.com\/en\/shop\/collier-en\/esther-argent-standwithisrael-2\/\"]}]},{\"@type\":\"ImageObject\",\"inLanguage\":\"en-US\",\"@id\":\"https:\/\/yrusha.com\/en\/shop\/collier-en\/esther-argent-standwithisrael-2\/#primaryimage\",\"url\":\"https:\/\/yrusha.com\/wp-content\/uploads\/2023\/11\/6a6c9506-b8ca-4981-b935-7585827ad2a9-copie-e1699290559727.jpg\",\"contentUrl\":\"https:\/\/yrusha.com\/wp-content\/uploads\/2023\/11\/6a6c9506-b8ca-4981-b935-7585827ad2a9-copie-e1699290559727.jpg\",\"width\":800,\"height\":2048},{\"@type\":\"BreadcrumbList\",\"@id\":\"https:\/\/yrusha.com\/en\/shop\/collier-en\/esther-argent-standwithisrael-2\/#breadcrumb\",\"itemListElement\":[{\"@type\":\"ListItem\",\"position\":1,\"name\":\"Home\",\"item\":\"https:\/\/yrusha.com\/en\/\"},{\"@type\":\"ListItem\",\"position\":2,\"name\":\"shop\",\"item\":\"https:\/\/yrusha.com\/en\/shop\/\"},{\"@type\":\"ListItem\",\"position\":3,\"name\":\"Necklaces\",\"item\":\"https:\/\/yrusha.com\/en\/product-category\/collier-en\/\"},{\"@type\":\"ListItem\",\"position\":4,\"name\":\"Esther (Argent) #StandWithIsrael\"}]},{\"@type\":\"WebSite\",\"@id\":\"https:\/\/yrusha.com\/en\/#website\",\"url\":\"https:\/\/yrusha.com\/en\/\",\"name\":\"Yrusha\",\"description\":\"Jewelry\",\"publisher\":{\"@id\":\"https:\/\/yrusha.com\/en\/#organization\"},\"potentialAction\":[{\"@type\":\"SearchAction\",\"target\":{\"@type\":\"EntryPoint\",\"urlTemplate\":\"https:\/\/yrusha.com\/en\/?s={search_term_string}\"},\"query-input\":{\"@type\":\"PropertyValueSpecification\",\"valueRequired\":true,\"valueName\":\"search_term_string\"}}],\"inLanguage\":\"en-US\"},{\"@type\":\"Organization\",\"@id\":\"https:\/\/yrusha.com\/en\/#organization\",\"name\":\"Yrusha\",\"url\":\"https:\/\/yrusha.com\/en\/\",\"logo\":{\"@type\":\"ImageObject\",\"inLanguage\":\"en-US\",\"@id\":\"https:\/\/yrusha.com\/en\/#\/schema\/logo\/image\/\",\"url\":\"https:\/\/yrusha.com\/wp-content\/uploads\/2019\/08\/logowhitesamllshad.svg\",\"contentUrl\":\"https:\/\/yrusha.com\/wp-content\/uploads\/2019\/08\/logowhitesamllshad.svg\",\"width\":213.89,\"height\":216.39,\"caption\":\"Yrusha\"},\"image\":{\"@id\":\"https:\/\/yrusha.com\/en\/#\/schema\/logo\/image\/\"}}]}<\/script>\n<!-- \/ Yoast SEO plugin. -->","yoast_head_json":{"title":"Esther (Argent) #StandWithIsrael - Yrusha","robots":{"index":"index","follow":"follow","max-snippet":"max-snippet:-1","max-image-preview":"max-image-preview:large","max-video-preview":"max-video-preview:-1"},"canonical":"https:\/\/yrusha.com\/en\/shop\/collier-en\/esther-argent-standwithisrael-2\/","og_locale":"en_US","og_type":"article","og_title":"Esther (Argent) #StandWithIsrael - Yrusha","og_description":"Dans l\u2019histoire de notre bible la reine Esther a sauv\u00e9 son peuple la Magen David, signifie \u00ab protection \u00bb. Un bouclier , Un symbole d\u2019union pour le am Isra\u00ebl. La collection ESTHER a \u00e9t\u00e9 cr\u00e9er en soutiens a Israel, ESTHER Argent est un model unisex et accessible Yrusha s\u2019engage \u00e0 reverser la totalit\u00e9 des b\u00e9n\u00e9fices au soutien des soldats ainsi qu\u2019aux familles endeuill\u00e9es","og_url":"https:\/\/yrusha.com\/en\/shop\/collier-en\/esther-argent-standwithisrael-2\/","og_site_name":"Yrusha","article_modified_time":"2025-11-05T13:00:31+00:00","og_image":[{"width":800,"height":2048,"url":"https:\/\/yrusha.com\/wp-content\/uploads\/2023\/11\/6a6c9506-b8ca-4981-b935-7585827ad2a9-copie-e1699290559727.jpg","type":"image\/jpeg"}],"twitter_card":"summary_large_image","schema":{"@context":"https:\/\/schema.org","@graph":[{"@type":"WebPage","@id":"https:\/\/yrusha.com\/en\/shop\/collier-en\/esther-argent-standwithisrael-2\/","url":"https:\/\/yrusha.com\/en\/shop\/collier-en\/esther-argent-standwithisrael-2\/","name":"Esther (Argent) #StandWithIsrael - Yrusha","isPartOf":{"@id":"https:\/\/yrusha.com\/en\/#website"},"primaryImageOfPage":{"@id":"https:\/\/yrusha.com\/en\/shop\/collier-en\/esther-argent-standwithisrael-2\/#primaryimage"},"image":{"@id":"https:\/\/yrusha.com\/en\/shop\/collier-en\/esther-argent-standwithisrael-2\/#primaryimage"},"thumbnailUrl":"https:\/\/yrusha.com\/wp-content\/uploads\/2023\/11\/6a6c9506-b8ca-4981-b935-7585827ad2a9-copie-e1699290559727.jpg","datePublished":"2023-11-06T12:08:55+00:00","dateModified":"2025-11-05T13:00:31+00:00","breadcrumb":{"@id":"https:\/\/yrusha.com\/en\/shop\/collier-en\/esther-argent-standwithisrael-2\/#breadcrumb"},"inLanguage":"en-US","potentialAction":[{"@type":"ReadAction","target":["https:\/\/yrusha.com\/en\/shop\/collier-en\/esther-argent-standwithisrael-2\/"]}]},{"@type":"ImageObject","inLanguage":"en-US","@id":"https:\/\/yrusha.com\/en\/shop\/collier-en\/esther-argent-standwithisrael-2\/#primaryimage","url":"https:\/\/yrusha.com\/wp-content\/uploads\/2023\/11\/6a6c9506-b8ca-4981-b935-7585827ad2a9-copie-e1699290559727.jpg","contentUrl":"https:\/\/yrusha.com\/wp-content\/uploads\/2023\/11\/6a6c9506-b8ca-4981-b935-7585827ad2a9-copie-e1699290559727.jpg","width":800,"height":2048},{"@type":"BreadcrumbList","@id":"https:\/\/yrusha.com\/en\/shop\/collier-en\/esther-argent-standwithisrael-2\/#breadcrumb","itemListElement":[{"@type":"ListItem","position":1,"name":"Home","item":"https:\/\/yrusha.com\/en\/"},{"@type":"ListItem","position":2,"name":"shop","item":"https:\/\/yrusha.com\/en\/shop\/"},{"@type":"ListItem","position":3,"name":"Necklaces","item":"https:\/\/yrusha.com\/en\/product-category\/collier-en\/"},{"@type":"ListItem","position":4,"name":"Esther (Argent) #StandWithIsrael"}]},{"@type":"WebSite","@id":"https:\/\/yrusha.com\/en\/#website","url":"https:\/\/yrusha.com\/en\/","name":"Yrusha","description":"Jewelry","publisher":{"@id":"https:\/\/yrusha.com\/en\/#organization"},"potentialAction":[{"@type":"SearchAction","target":{"@type":"EntryPoint","urlTemplate":"https:\/\/yrusha.com\/en\/?s={search_term_string}"},"query-input":{"@type":"PropertyValueSpecification","valueRequired":true,"valueName":"search_term_string"}}],"inLanguage":"en-US"},{"@type":"Organization","@id":"https:\/\/yrusha.com\/en\/#organization","name":"Yrusha","url":"https:\/\/yrusha.com\/en\/","logo":{"@type":"ImageObject","inLanguage":"en-US","@id":"https:\/\/yrusha.com\/en\/#\/schema\/logo\/image\/","url":"https:\/\/yrusha.com\/wp-content\/uploads\/2019\/08\/logowhitesamllshad.svg","contentUrl":"https:\/\/yrusha.com\/wp-content\/uploads\/2019\/08\/logowhitesamllshad.svg","width":213.89,"height":216.39,"caption":"Yrusha"},"image":{"@id":"https:\/\/yrusha.com\/en\/#\/schema\/logo\/image\/"}}]}},"_links":{"self":[{"href":"https:\/\/yrusha.com\/en\/wp-json\/wp\/v2\/product\/9209","targetHints":{"allow":["GET"]}}],"collection":[{"href":"https:\/\/yrusha.com\/en\/wp-json\/wp\/v2\/product"}],"about":[{"href":"https:\/\/yrusha.com\/en\/wp-json\/wp\/v2\/types\/product"}],"wp:featuredmedia":[{"embeddable":true,"href":"https:\/\/yrusha.com\/en\/wp-json\/wp\/v2\/media\/9192"}],"wp:attachment":[{"href":"https:\/\/yrusha.com\/en\/wp-json\/wp\/v2\/media?parent=9209"}],"wp:term":[{"taxonomy":"product_brand","embeddable":true,"href":"https:\/\/yrusha.com\/en\/wp-json\/wp\/v2\/product_brand?post=9209"},{"taxonomy":"product_cat","embeddable":true,"href":"https:\/\/yrusha.com\/en\/wp-json\/wp\/v2\/product_cat?post=9209"},{"taxonomy":"product_tag","embeddable":true,"href":"https:\/\/yrusha.com\/en\/wp-json\/wp\/v2\/product_tag?post=9209"}],"curies":[{"name":"wp","href":"https:\/\/api.w.org\/{rel}","templated":true}]}}