{"id":8217,"date":"2021-01-13T22:14:28","date_gmt":"2021-01-13T20:14:28","guid":{"rendered":"https:\/\/yrusha.com\/?post_type=product&#038;p=8217"},"modified":"2025-11-03T14:07:35","modified_gmt":"2025-11-03T12:07:35","slug":"swan-ring","status":"publish","type":"product","link":"https:\/\/yrusha.com\/en\/shop\/collection-en\/harmonie-en\/swan-ring\/","title":{"rendered":"Swan"},"content":{"rendered":"<p><strong>Type de produit<\/strong> : Bague<\/p>\n<p><strong>Pierre:<\/strong> diamant<\/p>\n<p><strong>Poids diamants<\/strong>: deux gouttes de 0.16 carat, pavage de 0,28 carat<\/p>\n<p><strong>Poids total du bijou<\/strong> : 8,3g<\/p>\n<p><strong>Couleur or 18k:<br \/>\n<\/strong>or blanc\/or jaune\/or rose\/or beige<\/p>\n","protected":false},"excerpt":{"rendered":"<p>Yrusha s\u2019inspire du cygne majestueux, pour cr\u00e9er une bague o\u00f9 se m\u00ealent puret\u00e9 et sensualit\u00e9.<br \/>\nGlamour et sophistiqu\u00e9e le bijoux compos\u00e9 de deux somptueux diamants s\u2019enroule autour du doigt pour reproduire un couple de cygnes amoureux, symbole de la fid\u00e9lit\u00e9 de l\u2019amour.<br \/>\nLa bague Swan est en or 18 K, deux diamants goutte pav\u00e9 d\u2019\u00e9clat de diamants se font face.<\/p>\n","protected":false},"featured_media":8221,"template":"","meta":[],"product_brand":[],"product_cat":[183,227,218,226],"product_tag":[],"class_list":{"0":"post-8217","1":"product","2":"type-product","3":"status-publish","4":"has-post-thumbnail","6":"product_cat-bague","7":"product_cat-fiancailles","8":"product_cat-maly","9":"product_cat-mariage","10":"tm-has-options","12":"first","13":"instock","14":"taxable","15":"shipping-taxable","16":"purchasable","17":"product-type-simple"},"yoast_head":"<!-- This site is optimized with the Yoast SEO plugin v26.5 - https:\/\/yoast.com\/wordpress\/plugins\/seo\/ -->\n<title>Bague &quot;Swan&quot; - Yrusha Jewelry<\/title>\n<meta name=\"description\" content=\"Yrusha s\u2019inspire du cygne majestueux, pour cr\u00e9er une bague o\u00f9 se m\u00ealent puret\u00e9 et sensualit\u00e9. Glamour et sophistiqu\u00e9e le bijoux compos\u00e9 de deux somptueux diamants s\u2019enroule autour du doigt pour reproduire un couple de cygnes amoureux, symbole de la fid\u00e9lit\u00e9 de l\u2019amour. La bague Swan est en or 18 K, deux diamants goutte pav\u00e9 d\u2019\u00e9clat de diamants se font face.\" \/>\n<meta name=\"robots\" content=\"index, follow, max-snippet:-1, max-image-preview:large, max-video-preview:-1\" \/>\n<link rel=\"canonical\" href=\"https:\/\/yrusha.com\/en\/shop\/collection-en\/harmonie-en\/swan-ring\/\" \/>\n<meta property=\"og:locale\" content=\"en_US\" \/>\n<meta property=\"og:type\" content=\"article\" \/>\n<meta property=\"og:title\" content=\"Bague &quot;Swan&quot; - Yrusha Jewelry\" \/>\n<meta property=\"og:description\" content=\"Yrusha s\u2019inspire du cygne majestueux, pour cr\u00e9er une bague o\u00f9 se m\u00ealent puret\u00e9 et sensualit\u00e9. Glamour et sophistiqu\u00e9e le bijoux compos\u00e9 de deux somptueux diamants s\u2019enroule autour du doigt pour reproduire un couple de cygnes amoureux, symbole de la fid\u00e9lit\u00e9 de l\u2019amour. La bague Swan est en or 18 K, deux diamants goutte pav\u00e9 d\u2019\u00e9clat de diamants se font face.\" \/>\n<meta property=\"og:url\" content=\"https:\/\/yrusha.com\/en\/shop\/collection-en\/harmonie-en\/swan-ring\/\" \/>\n<meta property=\"og:site_name\" content=\"Yrusha\" \/>\n<meta property=\"article:modified_time\" content=\"2025-11-03T12:07:35+00:00\" \/>\n<meta property=\"og:image\" content=\"https:\/\/yrusha.com\/wp-content\/uploads\/2021\/01\/swan-e1610611413102-1024x929.png\" \/>\n\t<meta property=\"og:image:width\" content=\"1024\" \/>\n\t<meta property=\"og:image:height\" content=\"929\" \/>\n\t<meta property=\"og:image:type\" content=\"image\/png\" \/>\n<meta name=\"twitter:card\" content=\"summary_large_image\" \/>\n<meta name=\"twitter:label1\" content=\"Est. reading time\" \/>\n\t<meta name=\"twitter:data1\" content=\"1 minute\" \/>\n<script type=\"application\/ld+json\" class=\"yoast-schema-graph\">{\"@context\":\"https:\/\/schema.org\",\"@graph\":[{\"@type\":\"WebPage\",\"@id\":\"https:\/\/yrusha.com\/en\/shop\/collection-en\/harmonie-en\/swan-ring\/\",\"url\":\"https:\/\/yrusha.com\/en\/shop\/collection-en\/harmonie-en\/swan-ring\/\",\"name\":\"Bague \\\"Swan\\\" - Yrusha Jewelry\",\"isPartOf\":{\"@id\":\"https:\/\/yrusha.com\/en\/#website\"},\"primaryImageOfPage\":{\"@id\":\"https:\/\/yrusha.com\/en\/shop\/collection-en\/harmonie-en\/swan-ring\/#primaryimage\"},\"image\":{\"@id\":\"https:\/\/yrusha.com\/en\/shop\/collection-en\/harmonie-en\/swan-ring\/#primaryimage\"},\"thumbnailUrl\":\"https:\/\/yrusha.com\/wp-content\/uploads\/2021\/01\/swan-e1610611413102.png\",\"datePublished\":\"2021-01-13T20:14:28+00:00\",\"dateModified\":\"2025-11-03T12:07:35+00:00\",\"description\":\"Yrusha s\u2019inspire du cygne majestueux, pour cr\u00e9er une bague o\u00f9 se m\u00ealent puret\u00e9 et sensualit\u00e9. Glamour et sophistiqu\u00e9e le bijoux compos\u00e9 de deux somptueux diamants s\u2019enroule autour du doigt pour reproduire un couple de cygnes amoureux, symbole de la fid\u00e9lit\u00e9 de l\u2019amour. La bague Swan est en or 18 K, deux diamants goutte pav\u00e9 d\u2019\u00e9clat de diamants se font face.\",\"breadcrumb\":{\"@id\":\"https:\/\/yrusha.com\/en\/shop\/collection-en\/harmonie-en\/swan-ring\/#breadcrumb\"},\"inLanguage\":\"en-US\",\"potentialAction\":[{\"@type\":\"ReadAction\",\"target\":[\"https:\/\/yrusha.com\/en\/shop\/collection-en\/harmonie-en\/swan-ring\/\"]}]},{\"@type\":\"ImageObject\",\"inLanguage\":\"en-US\",\"@id\":\"https:\/\/yrusha.com\/en\/shop\/collection-en\/harmonie-en\/swan-ring\/#primaryimage\",\"url\":\"https:\/\/yrusha.com\/wp-content\/uploads\/2021\/01\/swan-e1610611413102.png\",\"contentUrl\":\"https:\/\/yrusha.com\/wp-content\/uploads\/2021\/01\/swan-e1610611413102.png\",\"width\":2177,\"height\":1975},{\"@type\":\"BreadcrumbList\",\"@id\":\"https:\/\/yrusha.com\/en\/shop\/collection-en\/harmonie-en\/swan-ring\/#breadcrumb\",\"itemListElement\":[{\"@type\":\"ListItem\",\"position\":1,\"name\":\"Home\",\"item\":\"https:\/\/yrusha.com\/en\/\"},{\"@type\":\"ListItem\",\"position\":2,\"name\":\"shop\",\"item\":\"https:\/\/yrusha.com\/en\/shop\/\"},{\"@type\":\"ListItem\",\"position\":3,\"name\":\"Rings\",\"item\":\"https:\/\/yrusha.com\/en\/product-category\/bague-en\/\"},{\"@type\":\"ListItem\",\"position\":4,\"name\":\"Swan\"}]},{\"@type\":\"WebSite\",\"@id\":\"https:\/\/yrusha.com\/en\/#website\",\"url\":\"https:\/\/yrusha.com\/en\/\",\"name\":\"Yrusha\",\"description\":\"Jewelry\",\"publisher\":{\"@id\":\"https:\/\/yrusha.com\/en\/#organization\"},\"potentialAction\":[{\"@type\":\"SearchAction\",\"target\":{\"@type\":\"EntryPoint\",\"urlTemplate\":\"https:\/\/yrusha.com\/en\/?s={search_term_string}\"},\"query-input\":{\"@type\":\"PropertyValueSpecification\",\"valueRequired\":true,\"valueName\":\"search_term_string\"}}],\"inLanguage\":\"en-US\"},{\"@type\":\"Organization\",\"@id\":\"https:\/\/yrusha.com\/en\/#organization\",\"name\":\"Yrusha\",\"url\":\"https:\/\/yrusha.com\/en\/\",\"logo\":{\"@type\":\"ImageObject\",\"inLanguage\":\"en-US\",\"@id\":\"https:\/\/yrusha.com\/en\/#\/schema\/logo\/image\/\",\"url\":\"https:\/\/yrusha.com\/wp-content\/uploads\/2019\/08\/logowhitesamllshad.svg\",\"contentUrl\":\"https:\/\/yrusha.com\/wp-content\/uploads\/2019\/08\/logowhitesamllshad.svg\",\"width\":213.89,\"height\":216.39,\"caption\":\"Yrusha\"},\"image\":{\"@id\":\"https:\/\/yrusha.com\/en\/#\/schema\/logo\/image\/\"}}]}<\/script>\n<!-- \/ Yoast SEO plugin. -->","yoast_head_json":{"title":"Bague \"Swan\" - Yrusha Jewelry","description":"Yrusha s\u2019inspire du cygne majestueux, pour cr\u00e9er une bague o\u00f9 se m\u00ealent puret\u00e9 et sensualit\u00e9. Glamour et sophistiqu\u00e9e le bijoux compos\u00e9 de deux somptueux diamants s\u2019enroule autour du doigt pour reproduire un couple de cygnes amoureux, symbole de la fid\u00e9lit\u00e9 de l\u2019amour. La bague Swan est en or 18 K, deux diamants goutte pav\u00e9 d\u2019\u00e9clat de diamants se font face.","robots":{"index":"index","follow":"follow","max-snippet":"max-snippet:-1","max-image-preview":"max-image-preview:large","max-video-preview":"max-video-preview:-1"},"canonical":"https:\/\/yrusha.com\/en\/shop\/collection-en\/harmonie-en\/swan-ring\/","og_locale":"en_US","og_type":"article","og_title":"Bague \"Swan\" - Yrusha Jewelry","og_description":"Yrusha s\u2019inspire du cygne majestueux, pour cr\u00e9er une bague o\u00f9 se m\u00ealent puret\u00e9 et sensualit\u00e9. Glamour et sophistiqu\u00e9e le bijoux compos\u00e9 de deux somptueux diamants s\u2019enroule autour du doigt pour reproduire un couple de cygnes amoureux, symbole de la fid\u00e9lit\u00e9 de l\u2019amour. La bague Swan est en or 18 K, deux diamants goutte pav\u00e9 d\u2019\u00e9clat de diamants se font face.","og_url":"https:\/\/yrusha.com\/en\/shop\/collection-en\/harmonie-en\/swan-ring\/","og_site_name":"Yrusha","article_modified_time":"2025-11-03T12:07:35+00:00","og_image":[{"width":1024,"height":929,"url":"https:\/\/yrusha.com\/wp-content\/uploads\/2021\/01\/swan-e1610611413102-1024x929.png","type":"image\/png"}],"twitter_card":"summary_large_image","twitter_misc":{"Est. reading time":"1 minute"},"schema":{"@context":"https:\/\/schema.org","@graph":[{"@type":"WebPage","@id":"https:\/\/yrusha.com\/en\/shop\/collection-en\/harmonie-en\/swan-ring\/","url":"https:\/\/yrusha.com\/en\/shop\/collection-en\/harmonie-en\/swan-ring\/","name":"Bague \"Swan\" - Yrusha Jewelry","isPartOf":{"@id":"https:\/\/yrusha.com\/en\/#website"},"primaryImageOfPage":{"@id":"https:\/\/yrusha.com\/en\/shop\/collection-en\/harmonie-en\/swan-ring\/#primaryimage"},"image":{"@id":"https:\/\/yrusha.com\/en\/shop\/collection-en\/harmonie-en\/swan-ring\/#primaryimage"},"thumbnailUrl":"https:\/\/yrusha.com\/wp-content\/uploads\/2021\/01\/swan-e1610611413102.png","datePublished":"2021-01-13T20:14:28+00:00","dateModified":"2025-11-03T12:07:35+00:00","description":"Yrusha s\u2019inspire du cygne majestueux, pour cr\u00e9er une bague o\u00f9 se m\u00ealent puret\u00e9 et sensualit\u00e9. Glamour et sophistiqu\u00e9e le bijoux compos\u00e9 de deux somptueux diamants s\u2019enroule autour du doigt pour reproduire un couple de cygnes amoureux, symbole de la fid\u00e9lit\u00e9 de l\u2019amour. La bague Swan est en or 18 K, deux diamants goutte pav\u00e9 d\u2019\u00e9clat de diamants se font face.","breadcrumb":{"@id":"https:\/\/yrusha.com\/en\/shop\/collection-en\/harmonie-en\/swan-ring\/#breadcrumb"},"inLanguage":"en-US","potentialAction":[{"@type":"ReadAction","target":["https:\/\/yrusha.com\/en\/shop\/collection-en\/harmonie-en\/swan-ring\/"]}]},{"@type":"ImageObject","inLanguage":"en-US","@id":"https:\/\/yrusha.com\/en\/shop\/collection-en\/harmonie-en\/swan-ring\/#primaryimage","url":"https:\/\/yrusha.com\/wp-content\/uploads\/2021\/01\/swan-e1610611413102.png","contentUrl":"https:\/\/yrusha.com\/wp-content\/uploads\/2021\/01\/swan-e1610611413102.png","width":2177,"height":1975},{"@type":"BreadcrumbList","@id":"https:\/\/yrusha.com\/en\/shop\/collection-en\/harmonie-en\/swan-ring\/#breadcrumb","itemListElement":[{"@type":"ListItem","position":1,"name":"Home","item":"https:\/\/yrusha.com\/en\/"},{"@type":"ListItem","position":2,"name":"shop","item":"https:\/\/yrusha.com\/en\/shop\/"},{"@type":"ListItem","position":3,"name":"Rings","item":"https:\/\/yrusha.com\/en\/product-category\/bague-en\/"},{"@type":"ListItem","position":4,"name":"Swan"}]},{"@type":"WebSite","@id":"https:\/\/yrusha.com\/en\/#website","url":"https:\/\/yrusha.com\/en\/","name":"Yrusha","description":"Jewelry","publisher":{"@id":"https:\/\/yrusha.com\/en\/#organization"},"potentialAction":[{"@type":"SearchAction","target":{"@type":"EntryPoint","urlTemplate":"https:\/\/yrusha.com\/en\/?s={search_term_string}"},"query-input":{"@type":"PropertyValueSpecification","valueRequired":true,"valueName":"search_term_string"}}],"inLanguage":"en-US"},{"@type":"Organization","@id":"https:\/\/yrusha.com\/en\/#organization","name":"Yrusha","url":"https:\/\/yrusha.com\/en\/","logo":{"@type":"ImageObject","inLanguage":"en-US","@id":"https:\/\/yrusha.com\/en\/#\/schema\/logo\/image\/","url":"https:\/\/yrusha.com\/wp-content\/uploads\/2019\/08\/logowhitesamllshad.svg","contentUrl":"https:\/\/yrusha.com\/wp-content\/uploads\/2019\/08\/logowhitesamllshad.svg","width":213.89,"height":216.39,"caption":"Yrusha"},"image":{"@id":"https:\/\/yrusha.com\/en\/#\/schema\/logo\/image\/"}}]}},"_links":{"self":[{"href":"https:\/\/yrusha.com\/en\/wp-json\/wp\/v2\/product\/8217","targetHints":{"allow":["GET"]}}],"collection":[{"href":"https:\/\/yrusha.com\/en\/wp-json\/wp\/v2\/product"}],"about":[{"href":"https:\/\/yrusha.com\/en\/wp-json\/wp\/v2\/types\/product"}],"wp:featuredmedia":[{"embeddable":true,"href":"https:\/\/yrusha.com\/en\/wp-json\/wp\/v2\/media\/8221"}],"wp:attachment":[{"href":"https:\/\/yrusha.com\/en\/wp-json\/wp\/v2\/media?parent=8217"}],"wp:term":[{"taxonomy":"product_brand","embeddable":true,"href":"https:\/\/yrusha.com\/en\/wp-json\/wp\/v2\/product_brand?post=8217"},{"taxonomy":"product_cat","embeddable":true,"href":"https:\/\/yrusha.com\/en\/wp-json\/wp\/v2\/product_cat?post=8217"},{"taxonomy":"product_tag","embeddable":true,"href":"https:\/\/yrusha.com\/en\/wp-json\/wp\/v2\/product_tag?post=8217"}],"curies":[{"name":"wp","href":"https:\/\/api.w.org\/{rel}","templated":true}]}}