{"id":7824,"date":"2025-04-29T09:57:45","date_gmt":"2025-04-29T06:57:45","guid":{"rendered":"https:\/\/yrusha.com\/?post_type=product&#038;p=7824"},"modified":"2025-11-05T11:34:31","modified_gmt":"2025-11-05T09:34:31","slug":"precieuse","status":"publish","type":"product","link":"https:\/\/yrusha.com\/en\/shop\/boucle-doreille-en\/precieuse\/","title":{"rendered":"Pr\u00e9cieuse"},"content":{"rendered":"<p><strong>Type de produit<\/strong> : Boucle d&#8217;oreilles or jaune\/sable<br \/>\n<strong>Pierres<\/strong> : Diamant<br \/>\n<strong>Poids<\/strong> : 6,53g<\/p>\n","protected":false},"excerpt":{"rendered":"<p>Two creole rings like 2 beings from different universes who unite to make only one earring.<br \/>\nOne fine, slender in slightly beige white gold manually hammered which gives it a vintage effect.<br \/>\nThe other smaller, but more generous in smooth shiny yellow gold topped with diamonds on claws<\/p>\n","protected":false},"featured_media":7918,"template":"","meta":[],"product_brand":[],"product_cat":[258],"product_tag":[],"class_list":{"0":"post-7824","1":"product","2":"type-product","3":"status-publish","4":"has-post-thumbnail","6":"product_cat-boucle-doreille-en","7":"tm-has-options","9":"first","10":"instock","11":"taxable","12":"shipping-taxable","13":"purchasable","14":"product-type-simple"},"yoast_head":"<!-- This site is optimized with the Yoast SEO plugin v26.5 - https:\/\/yoast.com\/wordpress\/plugins\/seo\/ -->\n<title>Earring &quot;Pr\u00e9cieuse&quot; - Yrusha Jewelry<\/title>\n<meta name=\"description\" content=\"Deux anneaux cr\u00e9oles comme 2 \u00eatres venus d\u2019univers diff\u00e9rents qui s\u2019unissent pour ne faire qu\u2019une boucle d\u2019oreille. L\u2019un fin, \u00e9lanc\u00e9 en or blanc l\u00e9g\u00e8rement beige martel\u00e9 manuellement qui lui donne un effet vintage. L\u2019autre plus petit, mais plus g\u00e9n\u00e9reux en or jaune lisse brillant surmont\u00e9 de diamants sur griffes\" \/>\n<meta name=\"robots\" content=\"index, follow, max-snippet:-1, max-image-preview:large, max-video-preview:-1\" \/>\n<link rel=\"canonical\" href=\"https:\/\/yrusha.com\/en\/shop\/boucle-doreille-en\/precieuse\/\" \/>\n<meta property=\"og:locale\" content=\"en_US\" \/>\n<meta property=\"og:type\" content=\"article\" \/>\n<meta property=\"og:title\" content=\"Earring &quot;Pr\u00e9cieuse&quot; - Yrusha Jewelry\" \/>\n<meta property=\"og:description\" content=\"Deux anneaux cr\u00e9oles comme 2 \u00eatres venus d\u2019univers diff\u00e9rents qui s\u2019unissent pour ne faire qu\u2019une boucle d\u2019oreille. L\u2019un fin, \u00e9lanc\u00e9 en or blanc l\u00e9g\u00e8rement beige martel\u00e9 manuellement qui lui donne un effet vintage. L\u2019autre plus petit, mais plus g\u00e9n\u00e9reux en or jaune lisse brillant surmont\u00e9 de diamants sur griffes\" \/>\n<meta property=\"og:url\" content=\"https:\/\/yrusha.com\/en\/shop\/boucle-doreille-en\/precieuse\/\" \/>\n<meta property=\"og:site_name\" content=\"Yrusha\" \/>\n<meta property=\"article:modified_time\" content=\"2025-11-05T09:34:31+00:00\" \/>\n<meta property=\"og:image\" content=\"https:\/\/yrusha.com\/wp-content\/uploads\/2020\/05\/yrusha0430-1-1.jpg\" \/>\n\t<meta property=\"og:image:width\" content=\"853\" \/>\n\t<meta property=\"og:image:height\" content=\"1280\" \/>\n\t<meta property=\"og:image:type\" content=\"image\/jpeg\" \/>\n<meta name=\"twitter:card\" content=\"summary_large_image\" \/>\n<script type=\"application\/ld+json\" class=\"yoast-schema-graph\">{\"@context\":\"https:\/\/schema.org\",\"@graph\":[{\"@type\":\"WebPage\",\"@id\":\"https:\/\/yrusha.com\/en\/shop\/boucle-doreille-en\/precieuse\/\",\"url\":\"https:\/\/yrusha.com\/en\/shop\/boucle-doreille-en\/precieuse\/\",\"name\":\"Earring \\\"Pr\u00e9cieuse\\\" - Yrusha Jewelry\",\"isPartOf\":{\"@id\":\"https:\/\/yrusha.com\/en\/#website\"},\"primaryImageOfPage\":{\"@id\":\"https:\/\/yrusha.com\/en\/shop\/boucle-doreille-en\/precieuse\/#primaryimage\"},\"image\":{\"@id\":\"https:\/\/yrusha.com\/en\/shop\/boucle-doreille-en\/precieuse\/#primaryimage\"},\"thumbnailUrl\":\"https:\/\/yrusha.com\/wp-content\/uploads\/2020\/05\/yrusha0430-1-1.jpg\",\"datePublished\":\"2025-04-29T06:57:45+00:00\",\"dateModified\":\"2025-11-05T09:34:31+00:00\",\"description\":\"Deux anneaux cr\u00e9oles comme 2 \u00eatres venus d\u2019univers diff\u00e9rents qui s\u2019unissent pour ne faire qu\u2019une boucle d\u2019oreille. L\u2019un fin, \u00e9lanc\u00e9 en or blanc l\u00e9g\u00e8rement beige martel\u00e9 manuellement qui lui donne un effet vintage. L\u2019autre plus petit, mais plus g\u00e9n\u00e9reux en or jaune lisse brillant surmont\u00e9 de diamants sur griffes\",\"breadcrumb\":{\"@id\":\"https:\/\/yrusha.com\/en\/shop\/boucle-doreille-en\/precieuse\/#breadcrumb\"},\"inLanguage\":\"en-US\",\"potentialAction\":[{\"@type\":\"ReadAction\",\"target\":[\"https:\/\/yrusha.com\/en\/shop\/boucle-doreille-en\/precieuse\/\"]}]},{\"@type\":\"ImageObject\",\"inLanguage\":\"en-US\",\"@id\":\"https:\/\/yrusha.com\/en\/shop\/boucle-doreille-en\/precieuse\/#primaryimage\",\"url\":\"https:\/\/yrusha.com\/wp-content\/uploads\/2020\/05\/yrusha0430-1-1.jpg\",\"contentUrl\":\"https:\/\/yrusha.com\/wp-content\/uploads\/2020\/05\/yrusha0430-1-1.jpg\",\"width\":853,\"height\":1280},{\"@type\":\"BreadcrumbList\",\"@id\":\"https:\/\/yrusha.com\/en\/shop\/boucle-doreille-en\/precieuse\/#breadcrumb\",\"itemListElement\":[{\"@type\":\"ListItem\",\"position\":1,\"name\":\"Home\",\"item\":\"https:\/\/yrusha.com\/en\/\"},{\"@type\":\"ListItem\",\"position\":2,\"name\":\"shop\",\"item\":\"https:\/\/yrusha.com\/en\/shop\/\"},{\"@type\":\"ListItem\",\"position\":3,\"name\":\"Earrings\",\"item\":\"https:\/\/yrusha.com\/en\/product-category\/boucle-doreille-en\/\"},{\"@type\":\"ListItem\",\"position\":4,\"name\":\"Pr\u00e9cieuse\"}]},{\"@type\":\"WebSite\",\"@id\":\"https:\/\/yrusha.com\/en\/#website\",\"url\":\"https:\/\/yrusha.com\/en\/\",\"name\":\"Yrusha\",\"description\":\"Jewelry\",\"publisher\":{\"@id\":\"https:\/\/yrusha.com\/en\/#organization\"},\"potentialAction\":[{\"@type\":\"SearchAction\",\"target\":{\"@type\":\"EntryPoint\",\"urlTemplate\":\"https:\/\/yrusha.com\/en\/?s={search_term_string}\"},\"query-input\":{\"@type\":\"PropertyValueSpecification\",\"valueRequired\":true,\"valueName\":\"search_term_string\"}}],\"inLanguage\":\"en-US\"},{\"@type\":\"Organization\",\"@id\":\"https:\/\/yrusha.com\/en\/#organization\",\"name\":\"Yrusha\",\"url\":\"https:\/\/yrusha.com\/en\/\",\"logo\":{\"@type\":\"ImageObject\",\"inLanguage\":\"en-US\",\"@id\":\"https:\/\/yrusha.com\/en\/#\/schema\/logo\/image\/\",\"url\":\"https:\/\/yrusha.com\/wp-content\/uploads\/2019\/08\/logowhitesamllshad.svg\",\"contentUrl\":\"https:\/\/yrusha.com\/wp-content\/uploads\/2019\/08\/logowhitesamllshad.svg\",\"width\":213.89,\"height\":216.39,\"caption\":\"Yrusha\"},\"image\":{\"@id\":\"https:\/\/yrusha.com\/en\/#\/schema\/logo\/image\/\"}}]}<\/script>\n<!-- \/ Yoast SEO plugin. -->","yoast_head_json":{"title":"Earring \"Pr\u00e9cieuse\" - Yrusha Jewelry","description":"Deux anneaux cr\u00e9oles comme 2 \u00eatres venus d\u2019univers diff\u00e9rents qui s\u2019unissent pour ne faire qu\u2019une boucle d\u2019oreille. L\u2019un fin, \u00e9lanc\u00e9 en or blanc l\u00e9g\u00e8rement beige martel\u00e9 manuellement qui lui donne un effet vintage. L\u2019autre plus petit, mais plus g\u00e9n\u00e9reux en or jaune lisse brillant surmont\u00e9 de diamants sur griffes","robots":{"index":"index","follow":"follow","max-snippet":"max-snippet:-1","max-image-preview":"max-image-preview:large","max-video-preview":"max-video-preview:-1"},"canonical":"https:\/\/yrusha.com\/en\/shop\/boucle-doreille-en\/precieuse\/","og_locale":"en_US","og_type":"article","og_title":"Earring \"Pr\u00e9cieuse\" - Yrusha Jewelry","og_description":"Deux anneaux cr\u00e9oles comme 2 \u00eatres venus d\u2019univers diff\u00e9rents qui s\u2019unissent pour ne faire qu\u2019une boucle d\u2019oreille. L\u2019un fin, \u00e9lanc\u00e9 en or blanc l\u00e9g\u00e8rement beige martel\u00e9 manuellement qui lui donne un effet vintage. L\u2019autre plus petit, mais plus g\u00e9n\u00e9reux en or jaune lisse brillant surmont\u00e9 de diamants sur griffes","og_url":"https:\/\/yrusha.com\/en\/shop\/boucle-doreille-en\/precieuse\/","og_site_name":"Yrusha","article_modified_time":"2025-11-05T09:34:31+00:00","og_image":[{"width":853,"height":1280,"url":"https:\/\/yrusha.com\/wp-content\/uploads\/2020\/05\/yrusha0430-1-1.jpg","type":"image\/jpeg"}],"twitter_card":"summary_large_image","schema":{"@context":"https:\/\/schema.org","@graph":[{"@type":"WebPage","@id":"https:\/\/yrusha.com\/en\/shop\/boucle-doreille-en\/precieuse\/","url":"https:\/\/yrusha.com\/en\/shop\/boucle-doreille-en\/precieuse\/","name":"Earring \"Pr\u00e9cieuse\" - Yrusha Jewelry","isPartOf":{"@id":"https:\/\/yrusha.com\/en\/#website"},"primaryImageOfPage":{"@id":"https:\/\/yrusha.com\/en\/shop\/boucle-doreille-en\/precieuse\/#primaryimage"},"image":{"@id":"https:\/\/yrusha.com\/en\/shop\/boucle-doreille-en\/precieuse\/#primaryimage"},"thumbnailUrl":"https:\/\/yrusha.com\/wp-content\/uploads\/2020\/05\/yrusha0430-1-1.jpg","datePublished":"2025-04-29T06:57:45+00:00","dateModified":"2025-11-05T09:34:31+00:00","description":"Deux anneaux cr\u00e9oles comme 2 \u00eatres venus d\u2019univers diff\u00e9rents qui s\u2019unissent pour ne faire qu\u2019une boucle d\u2019oreille. L\u2019un fin, \u00e9lanc\u00e9 en or blanc l\u00e9g\u00e8rement beige martel\u00e9 manuellement qui lui donne un effet vintage. L\u2019autre plus petit, mais plus g\u00e9n\u00e9reux en or jaune lisse brillant surmont\u00e9 de diamants sur griffes","breadcrumb":{"@id":"https:\/\/yrusha.com\/en\/shop\/boucle-doreille-en\/precieuse\/#breadcrumb"},"inLanguage":"en-US","potentialAction":[{"@type":"ReadAction","target":["https:\/\/yrusha.com\/en\/shop\/boucle-doreille-en\/precieuse\/"]}]},{"@type":"ImageObject","inLanguage":"en-US","@id":"https:\/\/yrusha.com\/en\/shop\/boucle-doreille-en\/precieuse\/#primaryimage","url":"https:\/\/yrusha.com\/wp-content\/uploads\/2020\/05\/yrusha0430-1-1.jpg","contentUrl":"https:\/\/yrusha.com\/wp-content\/uploads\/2020\/05\/yrusha0430-1-1.jpg","width":853,"height":1280},{"@type":"BreadcrumbList","@id":"https:\/\/yrusha.com\/en\/shop\/boucle-doreille-en\/precieuse\/#breadcrumb","itemListElement":[{"@type":"ListItem","position":1,"name":"Home","item":"https:\/\/yrusha.com\/en\/"},{"@type":"ListItem","position":2,"name":"shop","item":"https:\/\/yrusha.com\/en\/shop\/"},{"@type":"ListItem","position":3,"name":"Earrings","item":"https:\/\/yrusha.com\/en\/product-category\/boucle-doreille-en\/"},{"@type":"ListItem","position":4,"name":"Pr\u00e9cieuse"}]},{"@type":"WebSite","@id":"https:\/\/yrusha.com\/en\/#website","url":"https:\/\/yrusha.com\/en\/","name":"Yrusha","description":"Jewelry","publisher":{"@id":"https:\/\/yrusha.com\/en\/#organization"},"potentialAction":[{"@type":"SearchAction","target":{"@type":"EntryPoint","urlTemplate":"https:\/\/yrusha.com\/en\/?s={search_term_string}"},"query-input":{"@type":"PropertyValueSpecification","valueRequired":true,"valueName":"search_term_string"}}],"inLanguage":"en-US"},{"@type":"Organization","@id":"https:\/\/yrusha.com\/en\/#organization","name":"Yrusha","url":"https:\/\/yrusha.com\/en\/","logo":{"@type":"ImageObject","inLanguage":"en-US","@id":"https:\/\/yrusha.com\/en\/#\/schema\/logo\/image\/","url":"https:\/\/yrusha.com\/wp-content\/uploads\/2019\/08\/logowhitesamllshad.svg","contentUrl":"https:\/\/yrusha.com\/wp-content\/uploads\/2019\/08\/logowhitesamllshad.svg","width":213.89,"height":216.39,"caption":"Yrusha"},"image":{"@id":"https:\/\/yrusha.com\/en\/#\/schema\/logo\/image\/"}}]}},"_links":{"self":[{"href":"https:\/\/yrusha.com\/en\/wp-json\/wp\/v2\/product\/7824","targetHints":{"allow":["GET"]}}],"collection":[{"href":"https:\/\/yrusha.com\/en\/wp-json\/wp\/v2\/product"}],"about":[{"href":"https:\/\/yrusha.com\/en\/wp-json\/wp\/v2\/types\/product"}],"wp:featuredmedia":[{"embeddable":true,"href":"https:\/\/yrusha.com\/en\/wp-json\/wp\/v2\/media\/7918"}],"wp:attachment":[{"href":"https:\/\/yrusha.com\/en\/wp-json\/wp\/v2\/media?parent=7824"}],"wp:term":[{"taxonomy":"product_brand","embeddable":true,"href":"https:\/\/yrusha.com\/en\/wp-json\/wp\/v2\/product_brand?post=7824"},{"taxonomy":"product_cat","embeddable":true,"href":"https:\/\/yrusha.com\/en\/wp-json\/wp\/v2\/product_cat?post=7824"},{"taxonomy":"product_tag","embeddable":true,"href":"https:\/\/yrusha.com\/en\/wp-json\/wp\/v2\/product_tag?post=7824"}],"curies":[{"name":"wp","href":"https:\/\/api.w.org\/{rel}","templated":true}]}}