{"id":10431,"date":"2024-09-09T11:39:53","date_gmt":"2024-09-09T08:39:53","guid":{"rendered":"https:\/\/yrusha.com\/shop\/uncategorized\/coquillage-petit-model\/"},"modified":"2025-11-05T12:12:30","modified_gmt":"2025-11-05T10:12:30","slug":"coquillage-petit-model","status":"publish","type":"product","link":"https:\/\/yrusha.com\/en\/shop\/collection-en\/coeur-en\/coquillage-petit-model\/","title":{"rendered":"Coquillage (petit model)"},"content":{"rendered":"<p>Product type: 14k yellow\/pink\/white gold bracelet<br \/>\nStones: Diamonds<\/p>\n","protected":false},"excerpt":{"rendered":"<p>Explorez l\u2019\u00e9l\u00e9gance avec notre bracelet d\u00e9licat et raffin\u00e9.Un design fa\u00e7onn\u00e9 en or inspir\u00e9 par les coquillages.L\u2019\u00e9clat subtil des diamants ajoute une touche de brillance. D\u00e9couvrez l\u2019harmonie entre la beaut\u00e9 naturelle et l\u2019\u00e9l\u00e9gance intemporelle dans cette pi\u00e8ce unique.<\/p>\n","protected":false},"featured_media":10416,"template":"","meta":[],"product_brand":[],"product_cat":[259,262,304,307,305],"product_tag":[],"class_list":{"0":"post-10431","1":"product","2":"type-product","3":"status-publish","4":"has-post-thumbnail","6":"product_cat-bracelets-en","7":"product_cat-coeur-en","8":"product_cat-fiancailles-en","9":"product_cat-nouveautes-en","10":"product_cat-mariage-en","11":"tm-no-options","13":"first","14":"instock","15":"taxable","16":"shipping-taxable","17":"purchasable","18":"product-type-simple"},"yoast_head":"<!-- This site is optimized with the Yoast SEO plugin v26.5 - https:\/\/yoast.com\/wordpress\/plugins\/seo\/ -->\n<title>Bracelet &quot;Coquillage (petit model)&quot; - Yrusha Jewelry<\/title>\n<meta name=\"description\" content=\"Explorez l\u2019\u00e9l\u00e9gance avec notre bracelet d\u00e9licat et raffin\u00e9.Un design fa\u00e7onn\u00e9 en or inspir\u00e9 par les coquillages.L\u2019\u00e9clat subtil des diamants ajoute une touche de brillance. D\u00e9couvrez l\u2019harmonie entre la beaut\u00e9 naturelle et l\u2019\u00e9l\u00e9gance intemporelle dans cette pi\u00e8ce unique.\" \/>\n<meta name=\"robots\" content=\"index, follow, max-snippet:-1, max-image-preview:large, max-video-preview:-1\" \/>\n<link rel=\"canonical\" href=\"https:\/\/yrusha.com\/en\/shop\/collection-en\/coeur-en\/coquillage-petit-model\/\" \/>\n<meta property=\"og:locale\" content=\"en_US\" \/>\n<meta property=\"og:type\" content=\"article\" \/>\n<meta property=\"og:title\" content=\"Bracelet &quot;Coquillage (petit model)&quot; - Yrusha Jewelry\" \/>\n<meta property=\"og:description\" content=\"Explorez l\u2019\u00e9l\u00e9gance avec notre bracelet d\u00e9licat et raffin\u00e9.Un design fa\u00e7onn\u00e9 en or inspir\u00e9 par les coquillages.L\u2019\u00e9clat subtil des diamants ajoute une touche de brillance. D\u00e9couvrez l\u2019harmonie entre la beaut\u00e9 naturelle et l\u2019\u00e9l\u00e9gance intemporelle dans cette pi\u00e8ce unique.\" \/>\n<meta property=\"og:url\" content=\"https:\/\/yrusha.com\/en\/shop\/collection-en\/coeur-en\/coquillage-petit-model\/\" \/>\n<meta property=\"og:site_name\" content=\"Yrusha\" \/>\n<meta property=\"article:modified_time\" content=\"2025-11-05T10:12:30+00:00\" \/>\n<meta property=\"og:image\" content=\"https:\/\/yrusha.com\/wp-content\/uploads\/2024\/09\/IMG_4563-copie.jpg\" \/>\n\t<meta property=\"og:image:width\" content=\"1200\" \/>\n\t<meta property=\"og:image:height\" content=\"762\" \/>\n\t<meta property=\"og:image:type\" content=\"image\/jpeg\" \/>\n<meta name=\"twitter:card\" content=\"summary_large_image\" \/>\n<script type=\"application\/ld+json\" class=\"yoast-schema-graph\">{\"@context\":\"https:\/\/schema.org\",\"@graph\":[{\"@type\":\"WebPage\",\"@id\":\"https:\/\/yrusha.com\/en\/shop\/collection-en\/coeur-en\/coquillage-petit-model\/\",\"url\":\"https:\/\/yrusha.com\/en\/shop\/collection-en\/coeur-en\/coquillage-petit-model\/\",\"name\":\"Bracelet \\\"Coquillage (petit model)\\\" - Yrusha Jewelry\",\"isPartOf\":{\"@id\":\"https:\/\/yrusha.com\/en\/#website\"},\"primaryImageOfPage\":{\"@id\":\"https:\/\/yrusha.com\/en\/shop\/collection-en\/coeur-en\/coquillage-petit-model\/#primaryimage\"},\"image\":{\"@id\":\"https:\/\/yrusha.com\/en\/shop\/collection-en\/coeur-en\/coquillage-petit-model\/#primaryimage\"},\"thumbnailUrl\":\"https:\/\/yrusha.com\/wp-content\/uploads\/2024\/09\/IMG_4563-copie.jpg\",\"datePublished\":\"2024-09-09T08:39:53+00:00\",\"dateModified\":\"2025-11-05T10:12:30+00:00\",\"description\":\"Explorez l\u2019\u00e9l\u00e9gance avec notre bracelet d\u00e9licat et raffin\u00e9.Un design fa\u00e7onn\u00e9 en or inspir\u00e9 par les coquillages.L\u2019\u00e9clat subtil des diamants ajoute une touche de brillance. D\u00e9couvrez l\u2019harmonie entre la beaut\u00e9 naturelle et l\u2019\u00e9l\u00e9gance intemporelle dans cette pi\u00e8ce unique.\",\"breadcrumb\":{\"@id\":\"https:\/\/yrusha.com\/en\/shop\/collection-en\/coeur-en\/coquillage-petit-model\/#breadcrumb\"},\"inLanguage\":\"en-US\",\"potentialAction\":[{\"@type\":\"ReadAction\",\"target\":[\"https:\/\/yrusha.com\/en\/shop\/collection-en\/coeur-en\/coquillage-petit-model\/\"]}]},{\"@type\":\"ImageObject\",\"inLanguage\":\"en-US\",\"@id\":\"https:\/\/yrusha.com\/en\/shop\/collection-en\/coeur-en\/coquillage-petit-model\/#primaryimage\",\"url\":\"https:\/\/yrusha.com\/wp-content\/uploads\/2024\/09\/IMG_4563-copie.jpg\",\"contentUrl\":\"https:\/\/yrusha.com\/wp-content\/uploads\/2024\/09\/IMG_4563-copie.jpg\",\"width\":1200,\"height\":762},{\"@type\":\"BreadcrumbList\",\"@id\":\"https:\/\/yrusha.com\/en\/shop\/collection-en\/coeur-en\/coquillage-petit-model\/#breadcrumb\",\"itemListElement\":[{\"@type\":\"ListItem\",\"position\":1,\"name\":\"Home\",\"item\":\"https:\/\/yrusha.com\/en\/\"},{\"@type\":\"ListItem\",\"position\":2,\"name\":\"shop\",\"item\":\"https:\/\/yrusha.com\/en\/shop\/\"},{\"@type\":\"ListItem\",\"position\":3,\"name\":\"Bracelets\",\"item\":\"https:\/\/yrusha.com\/en\/product-category\/bracelets-en\/\"},{\"@type\":\"ListItem\",\"position\":4,\"name\":\"Coquillage (petit model)\"}]},{\"@type\":\"WebSite\",\"@id\":\"https:\/\/yrusha.com\/en\/#website\",\"url\":\"https:\/\/yrusha.com\/en\/\",\"name\":\"Yrusha\",\"description\":\"Jewelry\",\"publisher\":{\"@id\":\"https:\/\/yrusha.com\/en\/#organization\"},\"potentialAction\":[{\"@type\":\"SearchAction\",\"target\":{\"@type\":\"EntryPoint\",\"urlTemplate\":\"https:\/\/yrusha.com\/en\/?s={search_term_string}\"},\"query-input\":{\"@type\":\"PropertyValueSpecification\",\"valueRequired\":true,\"valueName\":\"search_term_string\"}}],\"inLanguage\":\"en-US\"},{\"@type\":\"Organization\",\"@id\":\"https:\/\/yrusha.com\/en\/#organization\",\"name\":\"Yrusha\",\"url\":\"https:\/\/yrusha.com\/en\/\",\"logo\":{\"@type\":\"ImageObject\",\"inLanguage\":\"en-US\",\"@id\":\"https:\/\/yrusha.com\/en\/#\/schema\/logo\/image\/\",\"url\":\"https:\/\/yrusha.com\/wp-content\/uploads\/2019\/08\/logowhitesamllshad.svg\",\"contentUrl\":\"https:\/\/yrusha.com\/wp-content\/uploads\/2019\/08\/logowhitesamllshad.svg\",\"width\":213.89,\"height\":216.39,\"caption\":\"Yrusha\"},\"image\":{\"@id\":\"https:\/\/yrusha.com\/en\/#\/schema\/logo\/image\/\"}}]}<\/script>\n<!-- \/ Yoast SEO plugin. -->","yoast_head_json":{"title":"Bracelet \"Coquillage (petit model)\" - Yrusha Jewelry","description":"Explorez l\u2019\u00e9l\u00e9gance avec notre bracelet d\u00e9licat et raffin\u00e9.Un design fa\u00e7onn\u00e9 en or inspir\u00e9 par les coquillages.L\u2019\u00e9clat subtil des diamants ajoute une touche de brillance. D\u00e9couvrez l\u2019harmonie entre la beaut\u00e9 naturelle et l\u2019\u00e9l\u00e9gance intemporelle dans cette pi\u00e8ce unique.","robots":{"index":"index","follow":"follow","max-snippet":"max-snippet:-1","max-image-preview":"max-image-preview:large","max-video-preview":"max-video-preview:-1"},"canonical":"https:\/\/yrusha.com\/en\/shop\/collection-en\/coeur-en\/coquillage-petit-model\/","og_locale":"en_US","og_type":"article","og_title":"Bracelet \"Coquillage (petit model)\" - Yrusha Jewelry","og_description":"Explorez l\u2019\u00e9l\u00e9gance avec notre bracelet d\u00e9licat et raffin\u00e9.Un design fa\u00e7onn\u00e9 en or inspir\u00e9 par les coquillages.L\u2019\u00e9clat subtil des diamants ajoute une touche de brillance. D\u00e9couvrez l\u2019harmonie entre la beaut\u00e9 naturelle et l\u2019\u00e9l\u00e9gance intemporelle dans cette pi\u00e8ce unique.","og_url":"https:\/\/yrusha.com\/en\/shop\/collection-en\/coeur-en\/coquillage-petit-model\/","og_site_name":"Yrusha","article_modified_time":"2025-11-05T10:12:30+00:00","og_image":[{"width":1200,"height":762,"url":"https:\/\/yrusha.com\/wp-content\/uploads\/2024\/09\/IMG_4563-copie.jpg","type":"image\/jpeg"}],"twitter_card":"summary_large_image","schema":{"@context":"https:\/\/schema.org","@graph":[{"@type":"WebPage","@id":"https:\/\/yrusha.com\/en\/shop\/collection-en\/coeur-en\/coquillage-petit-model\/","url":"https:\/\/yrusha.com\/en\/shop\/collection-en\/coeur-en\/coquillage-petit-model\/","name":"Bracelet \"Coquillage (petit model)\" - Yrusha Jewelry","isPartOf":{"@id":"https:\/\/yrusha.com\/en\/#website"},"primaryImageOfPage":{"@id":"https:\/\/yrusha.com\/en\/shop\/collection-en\/coeur-en\/coquillage-petit-model\/#primaryimage"},"image":{"@id":"https:\/\/yrusha.com\/en\/shop\/collection-en\/coeur-en\/coquillage-petit-model\/#primaryimage"},"thumbnailUrl":"https:\/\/yrusha.com\/wp-content\/uploads\/2024\/09\/IMG_4563-copie.jpg","datePublished":"2024-09-09T08:39:53+00:00","dateModified":"2025-11-05T10:12:30+00:00","description":"Explorez l\u2019\u00e9l\u00e9gance avec notre bracelet d\u00e9licat et raffin\u00e9.Un design fa\u00e7onn\u00e9 en or inspir\u00e9 par les coquillages.L\u2019\u00e9clat subtil des diamants ajoute une touche de brillance. D\u00e9couvrez l\u2019harmonie entre la beaut\u00e9 naturelle et l\u2019\u00e9l\u00e9gance intemporelle dans cette pi\u00e8ce unique.","breadcrumb":{"@id":"https:\/\/yrusha.com\/en\/shop\/collection-en\/coeur-en\/coquillage-petit-model\/#breadcrumb"},"inLanguage":"en-US","potentialAction":[{"@type":"ReadAction","target":["https:\/\/yrusha.com\/en\/shop\/collection-en\/coeur-en\/coquillage-petit-model\/"]}]},{"@type":"ImageObject","inLanguage":"en-US","@id":"https:\/\/yrusha.com\/en\/shop\/collection-en\/coeur-en\/coquillage-petit-model\/#primaryimage","url":"https:\/\/yrusha.com\/wp-content\/uploads\/2024\/09\/IMG_4563-copie.jpg","contentUrl":"https:\/\/yrusha.com\/wp-content\/uploads\/2024\/09\/IMG_4563-copie.jpg","width":1200,"height":762},{"@type":"BreadcrumbList","@id":"https:\/\/yrusha.com\/en\/shop\/collection-en\/coeur-en\/coquillage-petit-model\/#breadcrumb","itemListElement":[{"@type":"ListItem","position":1,"name":"Home","item":"https:\/\/yrusha.com\/en\/"},{"@type":"ListItem","position":2,"name":"shop","item":"https:\/\/yrusha.com\/en\/shop\/"},{"@type":"ListItem","position":3,"name":"Bracelets","item":"https:\/\/yrusha.com\/en\/product-category\/bracelets-en\/"},{"@type":"ListItem","position":4,"name":"Coquillage (petit model)"}]},{"@type":"WebSite","@id":"https:\/\/yrusha.com\/en\/#website","url":"https:\/\/yrusha.com\/en\/","name":"Yrusha","description":"Jewelry","publisher":{"@id":"https:\/\/yrusha.com\/en\/#organization"},"potentialAction":[{"@type":"SearchAction","target":{"@type":"EntryPoint","urlTemplate":"https:\/\/yrusha.com\/en\/?s={search_term_string}"},"query-input":{"@type":"PropertyValueSpecification","valueRequired":true,"valueName":"search_term_string"}}],"inLanguage":"en-US"},{"@type":"Organization","@id":"https:\/\/yrusha.com\/en\/#organization","name":"Yrusha","url":"https:\/\/yrusha.com\/en\/","logo":{"@type":"ImageObject","inLanguage":"en-US","@id":"https:\/\/yrusha.com\/en\/#\/schema\/logo\/image\/","url":"https:\/\/yrusha.com\/wp-content\/uploads\/2019\/08\/logowhitesamllshad.svg","contentUrl":"https:\/\/yrusha.com\/wp-content\/uploads\/2019\/08\/logowhitesamllshad.svg","width":213.89,"height":216.39,"caption":"Yrusha"},"image":{"@id":"https:\/\/yrusha.com\/en\/#\/schema\/logo\/image\/"}}]}},"_links":{"self":[{"href":"https:\/\/yrusha.com\/en\/wp-json\/wp\/v2\/product\/10431","targetHints":{"allow":["GET"]}}],"collection":[{"href":"https:\/\/yrusha.com\/en\/wp-json\/wp\/v2\/product"}],"about":[{"href":"https:\/\/yrusha.com\/en\/wp-json\/wp\/v2\/types\/product"}],"wp:featuredmedia":[{"embeddable":true,"href":"https:\/\/yrusha.com\/en\/wp-json\/wp\/v2\/media\/10416"}],"wp:attachment":[{"href":"https:\/\/yrusha.com\/en\/wp-json\/wp\/v2\/media?parent=10431"}],"wp:term":[{"taxonomy":"product_brand","embeddable":true,"href":"https:\/\/yrusha.com\/en\/wp-json\/wp\/v2\/product_brand?post=10431"},{"taxonomy":"product_cat","embeddable":true,"href":"https:\/\/yrusha.com\/en\/wp-json\/wp\/v2\/product_cat?post=10431"},{"taxonomy":"product_tag","embeddable":true,"href":"https:\/\/yrusha.com\/en\/wp-json\/wp\/v2\/product_tag?post=10431"}],"curies":[{"name":"wp","href":"https:\/\/api.w.org\/{rel}","templated":true}]}}