{"id":10408,"date":"2025-03-25T20:11:36","date_gmt":"2025-03-25T18:11:36","guid":{"rendered":"https:\/\/yrusha.com\/shop\/uncategorized\/medusa-double\/"},"modified":"2025-11-05T12:06:20","modified_gmt":"2025-11-05T10:06:20","slug":"medusa-double","status":"publish","type":"product","link":"https:\/\/yrusha.com\/en\/shop\/collection-en\/coeur-en\/medusa-double\/","title":{"rendered":"Medusa double"},"content":{"rendered":"<p>Product type: 14k gold ring<br \/>Stone: Diamond<br \/>Color: yellow gold, rose gold, white gold<br \/>weight: 10.4gr<\/p>\n<p>&nbsp;<\/p>\n","protected":false},"excerpt":{"rendered":"<p class=\"\" data-start=\"85\" data-end=\"372\">Inspired by underwater wonders, the Medusa Double ring evokes the mystical beauty of sea creatures. Deux formes textur\u00e9es, semblables \u00e0 des coquillages ou m\u00e9duses stylis\u00e9es, se font face dans un \u00e9quilibre parfait, serties de diamants scintillants.<\/p>\n<p class=\"\" data-start=\"374\" data-end=\"594\">Confectionn\u00e9e en or 14k et orn\u00e9e de perles d\u2019or en relief, cette bague ouverte joue avec la lumi\u00e8re et les volumes. Une pi\u00e8ce audacieuse, organique et envo\u00fbtante \u2014 pour celles qui aiment porter l\u2019inattendu avec \u00e9l\u00e9gance.<\/p>\n","protected":false},"featured_media":9692,"template":"","meta":[],"product_brand":[],"product_cat":[262,304,257],"product_tag":[],"class_list":{"0":"post-10408","1":"product","2":"type-product","3":"status-publish","4":"has-post-thumbnail","6":"product_cat-coeur-en","7":"product_cat-fiancailles-en","8":"product_cat-bague-en","9":"tm-has-styled-variations","10":"tm-has-options","12":"first","13":"instock","14":"taxable","15":"shipping-taxable","16":"purchasable","17":"product-type-simple"},"yoast_head":"<!-- This site is optimized with the Yoast SEO plugin v26.5 - https:\/\/yoast.com\/wordpress\/plugins\/seo\/ -->\n<title>Ring &quot;Medusa double&quot; - Yrusha Jewelry<\/title>\n<meta name=\"description\" content=\"A 14k gold open ring inspired by marine shapes, where two diamond-set seashells face each other. A textured and luminous piece of jewelry, bold yet refined.\" \/>\n<meta name=\"robots\" content=\"index, follow, max-snippet:-1, max-image-preview:large, max-video-preview:-1\" \/>\n<link rel=\"canonical\" href=\"https:\/\/yrusha.com\/en\/shop\/collection-en\/coeur-en\/medusa-double\/\" \/>\n<meta property=\"og:locale\" content=\"en_US\" \/>\n<meta property=\"og:type\" content=\"article\" \/>\n<meta property=\"og:title\" content=\"Ring &quot;Medusa double&quot; - Yrusha Jewelry\" \/>\n<meta property=\"og:description\" content=\"A 14k gold open ring inspired by marine shapes, where two diamond-set seashells face each other. A textured and luminous piece of jewelry, bold yet refined.\" \/>\n<meta property=\"og:url\" content=\"https:\/\/yrusha.com\/en\/shop\/collection-en\/coeur-en\/medusa-double\/\" \/>\n<meta property=\"og:site_name\" content=\"Yrusha\" \/>\n<meta property=\"article:modified_time\" content=\"2025-11-05T10:06:20+00:00\" \/>\n<meta property=\"og:image\" content=\"https:\/\/yrusha.com\/wp-content\/uploads\/2025\/03\/WhatsApp-Image-2024-12-22-at-12.11.11.jpeg\" \/>\n\t<meta property=\"og:image:width\" content=\"1600\" \/>\n\t<meta property=\"og:image:height\" content=\"1496\" \/>\n\t<meta property=\"og:image:type\" content=\"image\/jpeg\" \/>\n<meta name=\"twitter:card\" content=\"summary_large_image\" \/>\n<script type=\"application\/ld+json\" class=\"yoast-schema-graph\">{\"@context\":\"https:\/\/schema.org\",\"@graph\":[{\"@type\":\"WebPage\",\"@id\":\"https:\/\/yrusha.com\/en\/shop\/collection-en\/coeur-en\/medusa-double\/\",\"url\":\"https:\/\/yrusha.com\/en\/shop\/collection-en\/coeur-en\/medusa-double\/\",\"name\":\"Ring \\\"Medusa double\\\" - Yrusha Jewelry\",\"isPartOf\":{\"@id\":\"https:\/\/yrusha.com\/en\/#website\"},\"primaryImageOfPage\":{\"@id\":\"https:\/\/yrusha.com\/en\/shop\/collection-en\/coeur-en\/medusa-double\/#primaryimage\"},\"image\":{\"@id\":\"https:\/\/yrusha.com\/en\/shop\/collection-en\/coeur-en\/medusa-double\/#primaryimage\"},\"thumbnailUrl\":\"https:\/\/yrusha.com\/wp-content\/uploads\/2025\/03\/WhatsApp-Image-2024-12-22-at-12.11.11.jpeg\",\"datePublished\":\"2025-03-25T18:11:36+00:00\",\"dateModified\":\"2025-11-05T10:06:20+00:00\",\"description\":\"A 14k gold open ring inspired by marine shapes, where two diamond-set seashells face each other. A textured and luminous piece of jewelry, bold yet refined.\",\"breadcrumb\":{\"@id\":\"https:\/\/yrusha.com\/en\/shop\/collection-en\/coeur-en\/medusa-double\/#breadcrumb\"},\"inLanguage\":\"en-US\",\"potentialAction\":[{\"@type\":\"ReadAction\",\"target\":[\"https:\/\/yrusha.com\/en\/shop\/collection-en\/coeur-en\/medusa-double\/\"]}]},{\"@type\":\"ImageObject\",\"inLanguage\":\"en-US\",\"@id\":\"https:\/\/yrusha.com\/en\/shop\/collection-en\/coeur-en\/medusa-double\/#primaryimage\",\"url\":\"https:\/\/yrusha.com\/wp-content\/uploads\/2025\/03\/WhatsApp-Image-2024-12-22-at-12.11.11.jpeg\",\"contentUrl\":\"https:\/\/yrusha.com\/wp-content\/uploads\/2025\/03\/WhatsApp-Image-2024-12-22-at-12.11.11.jpeg\",\"width\":1600,\"height\":1496},{\"@type\":\"BreadcrumbList\",\"@id\":\"https:\/\/yrusha.com\/en\/shop\/collection-en\/coeur-en\/medusa-double\/#breadcrumb\",\"itemListElement\":[{\"@type\":\"ListItem\",\"position\":1,\"name\":\"Home\",\"item\":\"https:\/\/yrusha.com\/en\/\"},{\"@type\":\"ListItem\",\"position\":2,\"name\":\"shop\",\"item\":\"https:\/\/yrusha.com\/en\/shop\/\"},{\"@type\":\"ListItem\",\"position\":3,\"name\":\"Rings\",\"item\":\"https:\/\/yrusha.com\/en\/product-category\/bague-en\/\"},{\"@type\":\"ListItem\",\"position\":4,\"name\":\"Medusa double\"}]},{\"@type\":\"WebSite\",\"@id\":\"https:\/\/yrusha.com\/en\/#website\",\"url\":\"https:\/\/yrusha.com\/en\/\",\"name\":\"Yrusha\",\"description\":\"Jewelry\",\"publisher\":{\"@id\":\"https:\/\/yrusha.com\/en\/#organization\"},\"potentialAction\":[{\"@type\":\"SearchAction\",\"target\":{\"@type\":\"EntryPoint\",\"urlTemplate\":\"https:\/\/yrusha.com\/en\/?s={search_term_string}\"},\"query-input\":{\"@type\":\"PropertyValueSpecification\",\"valueRequired\":true,\"valueName\":\"search_term_string\"}}],\"inLanguage\":\"en-US\"},{\"@type\":\"Organization\",\"@id\":\"https:\/\/yrusha.com\/en\/#organization\",\"name\":\"Yrusha\",\"url\":\"https:\/\/yrusha.com\/en\/\",\"logo\":{\"@type\":\"ImageObject\",\"inLanguage\":\"en-US\",\"@id\":\"https:\/\/yrusha.com\/en\/#\/schema\/logo\/image\/\",\"url\":\"https:\/\/yrusha.com\/wp-content\/uploads\/2019\/08\/logowhitesamllshad.svg\",\"contentUrl\":\"https:\/\/yrusha.com\/wp-content\/uploads\/2019\/08\/logowhitesamllshad.svg\",\"width\":213.89,\"height\":216.39,\"caption\":\"Yrusha\"},\"image\":{\"@id\":\"https:\/\/yrusha.com\/en\/#\/schema\/logo\/image\/\"}}]}<\/script>\n<!-- \/ Yoast SEO plugin. -->","yoast_head_json":{"title":"Ring \"Medusa double\" - Yrusha Jewelry","description":"A 14k gold open ring inspired by marine shapes, where two diamond-set seashells face each other. A textured and luminous piece of jewelry, bold yet refined.","robots":{"index":"index","follow":"follow","max-snippet":"max-snippet:-1","max-image-preview":"max-image-preview:large","max-video-preview":"max-video-preview:-1"},"canonical":"https:\/\/yrusha.com\/en\/shop\/collection-en\/coeur-en\/medusa-double\/","og_locale":"en_US","og_type":"article","og_title":"Ring \"Medusa double\" - Yrusha Jewelry","og_description":"A 14k gold open ring inspired by marine shapes, where two diamond-set seashells face each other. A textured and luminous piece of jewelry, bold yet refined.","og_url":"https:\/\/yrusha.com\/en\/shop\/collection-en\/coeur-en\/medusa-double\/","og_site_name":"Yrusha","article_modified_time":"2025-11-05T10:06:20+00:00","og_image":[{"width":1600,"height":1496,"url":"https:\/\/yrusha.com\/wp-content\/uploads\/2025\/03\/WhatsApp-Image-2024-12-22-at-12.11.11.jpeg","type":"image\/jpeg"}],"twitter_card":"summary_large_image","schema":{"@context":"https:\/\/schema.org","@graph":[{"@type":"WebPage","@id":"https:\/\/yrusha.com\/en\/shop\/collection-en\/coeur-en\/medusa-double\/","url":"https:\/\/yrusha.com\/en\/shop\/collection-en\/coeur-en\/medusa-double\/","name":"Ring \"Medusa double\" - Yrusha Jewelry","isPartOf":{"@id":"https:\/\/yrusha.com\/en\/#website"},"primaryImageOfPage":{"@id":"https:\/\/yrusha.com\/en\/shop\/collection-en\/coeur-en\/medusa-double\/#primaryimage"},"image":{"@id":"https:\/\/yrusha.com\/en\/shop\/collection-en\/coeur-en\/medusa-double\/#primaryimage"},"thumbnailUrl":"https:\/\/yrusha.com\/wp-content\/uploads\/2025\/03\/WhatsApp-Image-2024-12-22-at-12.11.11.jpeg","datePublished":"2025-03-25T18:11:36+00:00","dateModified":"2025-11-05T10:06:20+00:00","description":"A 14k gold open ring inspired by marine shapes, where two diamond-set seashells face each other. A textured and luminous piece of jewelry, bold yet refined.","breadcrumb":{"@id":"https:\/\/yrusha.com\/en\/shop\/collection-en\/coeur-en\/medusa-double\/#breadcrumb"},"inLanguage":"en-US","potentialAction":[{"@type":"ReadAction","target":["https:\/\/yrusha.com\/en\/shop\/collection-en\/coeur-en\/medusa-double\/"]}]},{"@type":"ImageObject","inLanguage":"en-US","@id":"https:\/\/yrusha.com\/en\/shop\/collection-en\/coeur-en\/medusa-double\/#primaryimage","url":"https:\/\/yrusha.com\/wp-content\/uploads\/2025\/03\/WhatsApp-Image-2024-12-22-at-12.11.11.jpeg","contentUrl":"https:\/\/yrusha.com\/wp-content\/uploads\/2025\/03\/WhatsApp-Image-2024-12-22-at-12.11.11.jpeg","width":1600,"height":1496},{"@type":"BreadcrumbList","@id":"https:\/\/yrusha.com\/en\/shop\/collection-en\/coeur-en\/medusa-double\/#breadcrumb","itemListElement":[{"@type":"ListItem","position":1,"name":"Home","item":"https:\/\/yrusha.com\/en\/"},{"@type":"ListItem","position":2,"name":"shop","item":"https:\/\/yrusha.com\/en\/shop\/"},{"@type":"ListItem","position":3,"name":"Rings","item":"https:\/\/yrusha.com\/en\/product-category\/bague-en\/"},{"@type":"ListItem","position":4,"name":"Medusa double"}]},{"@type":"WebSite","@id":"https:\/\/yrusha.com\/en\/#website","url":"https:\/\/yrusha.com\/en\/","name":"Yrusha","description":"Jewelry","publisher":{"@id":"https:\/\/yrusha.com\/en\/#organization"},"potentialAction":[{"@type":"SearchAction","target":{"@type":"EntryPoint","urlTemplate":"https:\/\/yrusha.com\/en\/?s={search_term_string}"},"query-input":{"@type":"PropertyValueSpecification","valueRequired":true,"valueName":"search_term_string"}}],"inLanguage":"en-US"},{"@type":"Organization","@id":"https:\/\/yrusha.com\/en\/#organization","name":"Yrusha","url":"https:\/\/yrusha.com\/en\/","logo":{"@type":"ImageObject","inLanguage":"en-US","@id":"https:\/\/yrusha.com\/en\/#\/schema\/logo\/image\/","url":"https:\/\/yrusha.com\/wp-content\/uploads\/2019\/08\/logowhitesamllshad.svg","contentUrl":"https:\/\/yrusha.com\/wp-content\/uploads\/2019\/08\/logowhitesamllshad.svg","width":213.89,"height":216.39,"caption":"Yrusha"},"image":{"@id":"https:\/\/yrusha.com\/en\/#\/schema\/logo\/image\/"}}]}},"_links":{"self":[{"href":"https:\/\/yrusha.com\/en\/wp-json\/wp\/v2\/product\/10408","targetHints":{"allow":["GET"]}}],"collection":[{"href":"https:\/\/yrusha.com\/en\/wp-json\/wp\/v2\/product"}],"about":[{"href":"https:\/\/yrusha.com\/en\/wp-json\/wp\/v2\/types\/product"}],"wp:featuredmedia":[{"embeddable":true,"href":"https:\/\/yrusha.com\/en\/wp-json\/wp\/v2\/media\/9692"}],"wp:attachment":[{"href":"https:\/\/yrusha.com\/en\/wp-json\/wp\/v2\/media?parent=10408"}],"wp:term":[{"taxonomy":"product_brand","embeddable":true,"href":"https:\/\/yrusha.com\/en\/wp-json\/wp\/v2\/product_brand?post=10408"},{"taxonomy":"product_cat","embeddable":true,"href":"https:\/\/yrusha.com\/en\/wp-json\/wp\/v2\/product_cat?post=10408"},{"taxonomy":"product_tag","embeddable":true,"href":"https:\/\/yrusha.com\/en\/wp-json\/wp\/v2\/product_tag?post=10408"}],"curies":[{"name":"wp","href":"https:\/\/api.w.org\/{rel}","templated":true}]}}